{"id":93,"date":"2020-01-02T14:31:03","date_gmt":"2020-01-02T14:31:03","guid":{"rendered":"https:\/\/www.drjohn.org\/de\/?page_id=93"},"modified":"2020-01-02T14:31:03","modified_gmt":"2020-01-02T14:31:03","slug":"die-besten-cbd-produkte-im-test","status":"publish","type":"page","link":"https:\/\/www.drjohn.org\/de\/cbd-produkte\/","title":{"rendered":"Die besten CBD Produkte im Test"},"content":{"rendered":"<p>Hanf ist seit hunderten Jahren als medizinisch wirksame Pflanze bekannt, aus der verschiedene Substanzen gewonnen werden, die Heilung bringen sollen.<\/p>\n<p>Wenn man von Hanf spricht, denkt man zu allererst an THC (Tetrahydrocannabinol), den Wirkstoff, der mit der h\u00f6chsten Konzentration in der Hanfpflanze vorkommt. THC ist eine psychoaktive Substanz und daher gesetzlich verboten.<\/p>\n<p><strong>In den letzten Jahren wurde aber immer mehr der zweitwichtigsten Substanz der Hanfpflanze Aufmerksamkeit geschenkt: CBD.<\/strong> CBD \u2013 Cannabidiol wurde erst in der zweiten H\u00e4lfte des letzten Jahrhunderts hin \u201eentdeckt\u201c und medizinischen Forschungen unterzogen.<\/p>\n<p><img loading=\"lazy\" decoding=\"async\" class=\"alignnone size-full wp-image-95\" src=\"https:\/\/www.drjohn.org\/de\/wp-content\/uploads\/sites\/2\/2020\/01\/cbd-produkte.jpg\" alt=\"\" width=\"960\" height=\"638\" \/><\/p>\n<p><strong>CBD hat defacto keine psychoaktive Wirkung und ist deshalb auch in vielen EU-Staaten zugelassen.<\/strong> Es darf f\u00fcr Kosmetikprodukte verwendet werden und gilt auch als Nahrungserg\u00e4nzungsmittel, weshalb es f\u00fcr Personen \u00fcber 18 Jahre ohne Rezept erh\u00e4ltlich ist, solange der THC Anteil 0,2 % nicht \u00fcbersteigt.<\/p>\n<p>Wenn CBD-haltige Produkte eingenommen werden, gelangt der Wirkstoff ins Gehirn und wirkt dort auf das Nervensystem. Im Gegensatz zu THC blockiert es und hemmt.<\/p>\n[note note_color=&#8221;#aacbff&#8221;]Durch mehrere Studien belegt werden dem CBD appetitz\u00fcgelnde, beruhigende und Herzfrequenz vermindernde Wirkungen zugesagt. Medizinisch betrachtete zeigt es entkrampfende Wirkung und kann entz\u00fcndungshemmend, angstl\u00f6send und gegen \u00dcbelkeit wirken.[\/note]\n<p>Mittels hochwertiger CO2-Extraktion wird aus der Cannabidiol-Carbons\u00e4ure das CBD gewonnen. <strong>Wichtig dabei ist, dass das Produkt ein Vollspektrumprodukt bleibt, weil die vielen anderen Zusatzstoffe die Heilwirkung noch verst\u00e4rken.<\/strong><\/p>\n<p>CBD wird in unterschiedlichsten Darreichungsformen angeboten, die beliebtesten haben wir einem ausf\u00fchrlichen Test unterzogen:<\/p>\n<h2>CBD-\u00d6l<\/h2>\n<p><img loading=\"lazy\" decoding=\"async\" class=\"alignright size-medium wp-image-97\" src=\"https:\/\/www.drjohn.org\/de\/wp-content\/uploads\/sites\/2\/2020\/01\/cbd-oel-300x225.jpg\" alt=\"\" width=\"300\" height=\"225\" \/>Das \u00d6l ist die mit Abstand beliebteste Form. Einfache Dosierbarkeit in unterschiedlichen Konzentrationen, welche eine individuell Verzehrmenge erm\u00f6glichen, sprechen f\u00fcr das Produkt. Die Tropfen sollten rund eine halbe Minute im Mund behalten werden, bevor sie geschluckt werden, um schon eine Aufnahme durch die Mundschleimhaut zu erm\u00f6glichen. <strong>Wir empfehlen, darauf zu achten, dass das Cannabidiol immer aus einer pflanzlichen Quelle stammt und nichts k\u00fcnstlich zugesetzt wird.<\/strong><\/p>\n<p><a href=\"https:\/\/www.drjohn.org\/de\/die-besten-cbd-ole-im-test\/\">Preislich sind die \u00d6le relativ g\u00fcnstig<\/a>, doch Vorsicht \u2013 bitte darauf achten, dass du kein herk\u00f6mmliches Hanf-\u00d6l erwirbst, denn das enth\u00e4lt kein CBD.<\/p>\n<h2>CBD-E-Liquids<\/h2>\n<p>Diese funktionieren vergleichsweise wie E-Zigaretten und sind bei Rauchern beliebt. Wie stark die Wirkung ist, h\u00e4ngt aber von der CBD-Konzentration im jeweiligen Liquid ab. Einige Pr\u00e4parate enthalten zu geringe Werte und sind \u00fcberdies mit Nikotin vermischt. Daher genau pr\u00fcfen beim Kauf. Die Langzeitfolgen sind noch nicht erforscht.<\/p>\n<p><strong>W\u00e4hrend des Verdampfens von E-Liquids werden die Inhaltsstoffe \u00fcber den Blutkreislauf aufgenommen, was eine schnellere Wirkung bewirkt. Sie wirken zwar schneller, aber das Dampfen ist sch\u00e4dlicher f\u00fcr den Organismus.<\/strong><\/p>\n<h2>CBD-Kristalle<\/h2>\n<p><img loading=\"lazy\" decoding=\"async\" class=\"alignright size-medium wp-image-98\" src=\"https:\/\/www.drjohn.org\/de\/wp-content\/uploads\/sites\/2\/2020\/01\/cbd-kristalle-300x200.jpg\" alt=\"CBD Kristalle\" width=\"300\" height=\"200\" \/>Die mit Abstand reinste Form von Cannabidiol wird in Kristallform angeboten. Sie werden durch Extraktion gewonnen, um die h\u00f6chstm\u00f6gliche CBD-Konzentration zu erzielen und sie defacto frei von THC. Die Kristalle k\u00f6nnen gelutscht oder verspeist werden. <strong>Sie werden allerdings nur f\u00fcr erfahrene Anwender empfohlen.<\/strong><\/p>\n<p>Die beliebteste und einfachste Anwendung ist es unter die Zunge zu legen und zergehen zu lassen. Eine weitere M\u00f6glichkeit besteht darin, die Kristalle den Mahlzeiten hinzuzuf\u00fcgen. Beliebt sind die Beif\u00fcgung zu Trinkjoghurt oder in eine Gem\u00fcsepfanne.<\/p>\n<h2>CBD-Pasten<\/h2>\n<p>Diese Darreichungsform stellt ein ebenfalls <strong>hochkonzentriertes Pr\u00e4parat<\/strong> dar, es kann allerdings nur oral \u00fcber die Mundschleimhaut aufgenommen werden. Ein weiterer Vorteil der Paste ist, dass sie auch \u00e4u\u00dferlich zur Behandlung von Herpes simplex oder anderen Hautkrankheiten angewendet werden kann.<\/p>\n<h2>CBD-Kapseln<\/h2>\n<p>Der gr\u00f6\u00dfte Vorteil der Kapseln liegt wohl in der Geschmacksneutralit\u00e4t, welche besonders im Verh\u00e4ltnis zu den unterschiedlichen Konzentrationen der \u00d6le Bedeutung erh\u00e4lt. Nachteilig ist hier, dass zwar eine immer gleiche exakte Wirkstoffmenge in den Kapseln steckt, <strong>aber eine individuelle Dosierung schwierig ist.<\/strong><\/p>\n<p>Beim Kauf sollte man jedoch vorsichtig sein, denn die Reinheitsgrade weisen gro\u00dfe Unterschiede auf. Die Wirkstoffe k\u00f6nnen nicht \u00fcber die Mundschleimhaut aufgenommen werden, weil sie sich in einer Kapsel befinden, sie werden erst im Magen absorbiert. Wir raten eher von der Verwendung der Kapseln ab, obwohl sie sich besonders f\u00fcr unterwegs bew\u00e4hrt haben.<\/p>\n<h2>CBD-Tee<\/h2>\n<p>Der Tee ist schnell zubereitet und man kann gem\u00fctlich am Abend vor dem Schlafengehen zur Entspannung eine Tasse trinken. Neben dem Cannabidiol sind noch sekund\u00e4re Pflanzenstoffe und \u00e4therische \u00d6le im Tee, die helfen \u201erunter zu kommen\u201c und abzuschalten.<\/p>\n<h2>CBD-Kosmetik<\/h2>\n<p><img loading=\"lazy\" decoding=\"async\" class=\"alignright size-medium wp-image-99\" src=\"https:\/\/www.drjohn.org\/de\/wp-content\/uploads\/sites\/2\/2020\/01\/cbd-cannabis-blueten-300x203.jpg\" alt=\"Cannabis Bl\u00fcten\" width=\"300\" height=\"203\" \/>Das Cannabidiol kann auch \u00e4u\u00dferlich angewendet werden, z.B. bei hartn\u00e4ckigen Hautproblemen wie Neurodermitis und Akne. Eine wohltuende Wirkung wird dem CBD auch bei Muskelverspannungen nachgesagt. <strong>Generell ist aber Vorsicht geboten, denn wenn auch nur eine minimalste Menge CBD im Produkt enthalten ist, darf die Creme schon als CBD Creme angepriesen werden.<\/strong> Nat\u00fcrlich gibt es erstklassige Produkte, ein genaues Pr\u00fcfen ist aber anzuraten.<\/p>\n<h2>Die Testergebnisse<\/h2>\n<p>F\u00fcr eine m\u00f6glichst objektive Testung haben wir versucht, nach den nachfolgenden Kriterien testen zu lassen:<\/p>\n<ul>\n<li><strong>Inhaltsstoffe<\/strong>: H\u00f6he des CBD-Anteils, weitere Zus\u00e4tze, Reinheit und Qualit\u00e4t der Inhaltsstoffe<\/li>\n<li><strong>Anwendung<\/strong>: Art der Anwendung, Ergiebigkeit, braucht man noch Zubeh\u00f6r (E-Liquids)<\/li>\n<li><strong>Zertifikate und Herstellerversprechen<\/strong>: Deklaration, Qualit\u00e4tssiegel<\/li>\n<li><strong>Hersteller<\/strong>: Firmenauftritt, Kundenservice, Seriosit\u00e4t<\/li>\n<li><strong>Preis-\/Leistungsverh\u00e4ltnis<\/strong><\/li>\n<li><strong>Erfahrungsberichte<\/strong><\/li>\n<\/ul>\n<p>Tieferstehend findest du eine Vorstellung der &#8211; unserer Meinung nach &#8211; besten Produkte und Darreichungsformen mit einem abschlie\u00dfenden Fazit. Die ersten drei Pl\u00e4tze sind jeweils vom besten \u00d6l, von den besten Kapseln und vom besten Liquid belegt, danach folgt ein Liquid und wieder \u00d6le.<\/p>\n<h3>BESTES \u00d6L: CBD Hanf\u00f6l von Nordic Oil<\/h3>\n<p>Das Produkt gibt es in <strong>unterschiedlichen Konzentrationen: 5, 15 oder 20% CBD Anteil.<\/strong><\/p>\n<p>Es ist in <strong>Deutschland hergestellt und laborgepr\u00fcft,<\/strong> was bedeutet, dass es frei von Konservierungsmitteln, Gluten, D\u00fcngern, Farbstoffe und Hormonen.<\/p>\n<p>Das \u00d6l wird auf die Zunge getropft und dann geschluckt. Die Wirkung tritt nach ca. einer Viertelstunde ein, der Geschmack ist gew\u00f6hnungsbed\u00fcrftig.<\/p>\n<p>Der Hersteller unterzieht sich strengen Kontrollen und man kann sich auf die Qualit\u00e4t verlassen. <strong>Die Reputation des Unternehmens ist sehr gut, die Liefer- und Servicequalit\u00e4t ist tadellos.<\/strong><\/p>\n<p>Das Preis\/Leistungsverh\u00e4ltnis stimmt, auch wenn der Produktpreis etwas h\u00f6her ist, was aber auch daran liegt, dass das Produkt von Nordic Oil in Deutschland hergestellt und von bester Qualit\u00e4t ist.<\/p>\n<p>Beim Durchforsten von Internet-Foren und Produktbewertungen kann man feststellen, dass eine hohe Zufriedenheit mit diesem Nordic Oil vorherrscht.<\/p>\n<h3>BESTE KAPSELN: CBD Kapseln von Nordic Oil<\/h3>\n<p>Die Kapseln, die so wie das &#8211; unserer Meinung nach &#8211; beste \u00d6l von der Firma Nordic Oil erzeugt wird, weisen die gleichen hohen Qualit\u00e4tsstandards auf wie das oben besprochene \u00d6l.<\/p>\n<p>Die Cannabidiol Kapseln gibt es mit einem CBD-Gehalt von 4% oder 10%. Die Nutzpflanze ist biologisch rein und somit frei von Schadstoffen und Hormonen. <strong>Die Kapselh\u00fclle aus Gelatine macht das Produkt f\u00fcr Veganer und Vegetarier ungeeignet.<\/strong><\/p>\n<p>Vom Hersteller wird eine Einnahme von 3 Kapseln pro Tag empfohlen, die Konsumation von fetthaltigen Nahrungsmitteln f\u00fchrt zu einer beschleunigten Aufnahme. Der Hauptvorteil der Kapseln ist die Geschmacksneutralit\u00e4t.<\/p>\n<p><strong>Die Qualit\u00e4t des Produktes ist wie beim \u00d6l des Herstellers hervorragend<\/strong>, die Reputation des Herstellers ist einwandfrei. Die Zusammensetzung des Produktes wird publiziert, Labors haben die Qualit\u00e4t getestet, alle gesetzlichen Auflagen sind erf\u00fcllt.<\/p>\n<p>Wie beim \u00d6l gilt, dass das Produkt nicht das kosteng\u00fcnstigste ist, aber deutsche Qualit\u00e4t und deren Kontrolle hat auch ihren Preis. Die Erfahrungsberichte, die man in spezifischen Foren und auf fachbezogenen Plattformen findet, sind durchwegs positiv. Somit k\u00f6nnen wir dieses Produkt guten Gewissens empfehlen.<\/p>\n<h3>BESTES LIQUID: CBD Clouds Liquid von BOON<\/h3>\n<p>Das beste Produkt f\u00fcr Fans von E-Zigaretten oder Dampfer ist dieses Liquid, welches von der in Lingen ans\u00e4ssigen Firma Boon in Deutschland vertrieben wird.<\/p>\n<p><strong>Das Liquid wird in der EU hergestellt und ist von lebensmittelechter Qualit\u00e4t<\/strong>. Es ist frei von k\u00fcnstlichen Aromen und Nikotin sowie THC. Es ist in unterschiedlichen Konzentrationen (100, 200 und 500 mg) erh\u00e4ltlich. <strong>Das Cannabidiol hat einen fast 100%igen Reinheitsgrad und enth\u00e4lt auch Hanf-Terpene, die wegen des schonenden Produktionsverfahrens nicht verloren gehen.<\/strong><\/p>\n<p>Das Liquid kann mit Vapes oder E-Zigaretten kombiniert werden, es ist kein \u00d6l, man kann es nicht unter die Zunge tropfen. Es sollte mit 2-4 Z\u00fcgen inhaliert und dann langsam ausgeatmet werden. Man kann das Liquid auch mit Tabak-, Minze- oder Erdbeergeschmack erwerben. Es kann zu Husten bzw. zu Kratzen im Hals kommen.<\/p>\n<p>Der Hersteller hat sich einen sehr guten Ruf erworben, die \u00dcberpr\u00fcfung erfolgt laufend durch Drittanbieter. Das Cannabidiol Liquid wird vorrangig in Kroatien hergestellt, die Nutzpflanzen selbst kommen aus der Region und entsprechen allen Reinheits- und Qualit\u00e4tskriterien und haben die ISO 9001 Zertifizierung.<\/p>\n<p>Das Produkt ist auch bei Amazon erh\u00e4ltlich &#8211; und das zu einem fairen Preis. Bei Amazon erh\u00e4lt dieses Produkt sehr gute Bewertungen, auch in anderen Foren findet man vorrangig positive R\u00fcckmeldungen und es <strong>kann daher durchaus empfohlen werden<\/strong>.<\/p>\n<h3>Alternatives Liquid: Premium CBD Liquid Lemon Haze von Breathe Organics<\/h3>\n<p>Auch in diesem deutschen Produkt finden sich 99,6 % reines Cannabidiol und Terpene, aber keine anderen Zusatzstoffe, auch auf Nikotin wird verzichtet. <strong>Der CBD-Gehalt wird unterschiedlich angeboten: 30, 100, 300 und 600 mg.<\/strong><\/p>\n<p>Das CBD wird von Nutzpflanzen aus den USA gewonnen. Das Produkt ist f\u00fcr E-Zigaretten oder andere Verdampfer geeignet, bei Anf\u00e4ngern kann es zu trockenem Hals oder Husten kommen.<\/p>\n<p>Breathe Organics ist eine deutsche Firma, die alle Qualit\u00e4tsstandard erf\u00fcllt und laufend Qualit\u00e4tspr\u00fcfungen von Dritten durchf\u00fchren l\u00e4sst. Die Produkte k\u00f6nnen \u00fcber Amazon bezogen werden und bieten insgesamt ein <strong>sehr gutes Preis-\/Leistungsverh\u00e4ltnis.<\/strong> Auf Amazon wird das Produkt gut bewertet, in anderen Foren wird es auch f\u00fcr den schnelle Wirkungseintritt und den authentischen Geschmack gelobt. Man \u00e4u\u00dfert sich sehr positiv dar\u00fcber, dass das Produkt auch mit einem Gehalt von 600mg erh\u00e4ltlich ist.<\/p>\n<h3>Alternatives \u00d6l: Candropharm 100 CBD \u00d6l 10%<\/h3>\n<p>Das \u00d6l stammt von einer niederl\u00e4ndischen Marke, die beim Fachpublikum sehr beliebt ist und daher h\u00e4ufig gekauft wird.<\/p>\n<p><strong>Das \u00d6l weist f\u00fcr ein \u00d6l einen herausragenden Wert von 99,5 % Reinheit auf und ist ebenfalls frei von chemischen und Schadstoffen, es sind auch keine Gluten enthalten.<\/strong> Die uns vorliegenden Beurteilungen beziehen sich auf die 10%ige Konzentration, es ist aber auch noch in 5, 15 oder 25%iger Konzentration erh\u00e4ltlich.<\/p>\n<p>Das \u00d6l wird unter die Zunge getropft und geschluckt, der bittere Nachgeschmack ist gew\u00f6hnungsbed\u00fcrftig. Die Wirkung tritt nach ca. einer Viertelstunde ein, falls mit Wasser nachgesp\u00fclt wird, verz\u00f6gert sich der Wirkungseintritt um weitere zehn Minuten.<\/p>\n<p>Das Unternehmen geh\u00f6rt zu den bekanntesten in dieser Branche, unterwirft sich allen Qualit\u00e4tsstandards und Normen und ist daf\u00fcr auch zertifiziert. Der seri\u00f6se Anbieter lockt sogar mit einer Geld-zur\u00fcck-Garantie f\u00fcr 30 Tage auf sein Produkt.<\/p>\n<p><strong>Allerdings liegt das Produkt \u2013 wegen der ausgesprochen sehr guten Qualit\u00e4t \u2013 im oberen Preissegment<\/strong>, was auch Auswirkung auf unsere Reihung hatte. Das ist aber auch die einzige negative Anmerkung, die man bei diesem Produkt machen kann.<\/p>\n<h3>Sechster Platz: Guru Relax 5 % CBD \u00d6l<\/h3>\n<p>Dieses Produkt einer relativ unbekannten Marke aus Deutschland enth\u00e4lt 5 % CBD \u00d6l, welches frei von Gluten, Laktose, Farb- und Konservierungsmitteln ist. Das 10m Fl\u00e4schchen verf\u00fcgt \u00fcber eine integrierte Pipette zum leichten Dosieren.<\/p>\n<p>Das \u00d6l wird unter die Zunge getropft und mit dem Speichel geschluckt, die Dosierung mittels Pipette ist kinderleicht. Dieses vegane Produkt wird auf Basis von europ\u00e4ischen Pflanzen erzeugt und in Deutschland verarbeitet. Die noch junge Firma ist seri\u00f6s und <strong>das Preis-\/Leistungsverh\u00e4ltnis f\u00fcr ein 5%iges Konzentrat ist im oberen Preissegment angesiedelt<\/strong>. Das Produkt wird auf der eigenen Homepage \u201emit 5% CBD-\u00d6l\u201c bezeichnet, auf Amazon folgt die Bezeichnung \u201eZutat X\u201c.<\/p>\n<h2>Die Entscheidung f\u00fcr das richtige Produkt<\/h2>\n<p>Das richtige Produkt zu finden, ist eine individuelle Entscheidung. Am wichtigsten ist, einen seri\u00f6sen Anbieter auszuw\u00e4hlen.<\/p>\n[note note_color=&#8221;#aacbff&#8221;]Beachte die Verzehrempfehlungen des Herstellers und versichere dich, dass es sich nur um nat\u00fcrliche Produkte handelt. Die \u00d6le sind f\u00fcr Einsteiger das meist verbreitete Produkt, wobei man zu Beginn auf niedrigere Konzentrationen zur\u00fcckgreifen sollte und sich Schritt f\u00fcr Schritt an h\u00f6here herantasten.[\/note]\n<p><strong>Die gew\u00e4hlte Dosis sollte f\u00fcr mehrere Tage beibehalten werden, um deinen K\u00f6rper die M\u00f6glichkeit zu geben, sich an den neuen Stoff zu gew\u00f6hnen.<\/strong><\/p>\n<p>Insgesamt kommt es immer auf den individuellen Einzelfall an, den jeder Mensch vertr\u00e4gt CBD \u00d6l anders. Generell gesprochen kann man aber davon ausgehen, dass die Wiederentdeckung der hohen Wirksamkeit der Produkte aus der Hanfpflanze zu einem weiteren Anstieg der Nachfrage f\u00fchren wird. Die Angaben in dieser Recherche sollen als Richtlinie dienen, um das f\u00fcr dich richtige Produkt zu w\u00e4hlen.<\/p>\n","protected":false},"excerpt":{"rendered":"<p>Hanf ist seit hunderten Jahren als medizinisch wirksame Pflanze bekannt, aus der verschiedene Substanzen gewonnen werden, die Heilung bringen sollen. Wenn man von Hanf spricht, denkt man zu allererst an&#8230; <a class=\"read-more-link\" href=\"https:\/\/www.drjohn.org\/de\/cbd-produkte\/\">Read more &raquo;<\/a><\/p>\n","protected":false},"author":2,"featured_media":0,"parent":0,"menu_order":0,"comment_status":"closed","ping_status":"closed","template":"","meta":{"_acf_changed":false,"inline_featured_image":false,"_lmt_disableupdate":"","_lmt_disable":"","footnotes":""},"acf":[],"yoast_head":"<!-- This site is optimized with the Yoast SEO plugin v22.6 - https:\/\/yoast.com\/wordpress\/plugins\/seo\/ -->\n<title>Die besten CBD Produkte im Test - Inhaltsstoffe und Wirkung<\/title>\n<meta name=\"description\" content=\"CBD erfreut sich immer gr\u00f6\u00dferer Beliebtheit - wir haben 6 bekannte Produkte getestet und zeigen, worauf man bei der Wahl achten sollte\" \/>\n<meta name=\"robots\" content=\"index, follow, max-snippet:-1, max-image-preview:large, max-video-preview:-1\" \/>\n<link rel=\"canonical\" href=\"https:\/\/www.drjohn.org\/de\/cbd-produkte\/\" \/>\n<meta property=\"og:locale\" content=\"en_US\" \/>\n<meta property=\"og:type\" content=\"article\" \/>\n<meta property=\"og:title\" content=\"Die besten CBD Produkte im Test - Inhaltsstoffe und Wirkung\" \/>\n<meta property=\"og:description\" content=\"CBD erfreut sich immer gr\u00f6\u00dferer Beliebtheit - wir haben 6 bekannte Produkte getestet und zeigen, worauf man bei der Wahl achten sollte\" \/>\n<meta property=\"og:url\" content=\"https:\/\/www.drjohn.org\/de\/cbd-produkte\/\" \/>\n<meta property=\"og:site_name\" content=\"DE\" \/>\n<meta property=\"og:image\" content=\"https:\/\/www.drjohn.org\/de\/wp-content\/uploads\/sites\/2\/2020\/01\/cbd-produkte.jpg\" \/>\n<meta name=\"twitter:card\" content=\"summary_large_image\" \/>\n<meta name=\"twitter:label1\" content=\"Est. reading time\" \/>\n\t<meta name=\"twitter:data1\" content=\"10 minutes\" \/>\n<script type=\"application\/ld+json\" class=\"yoast-schema-graph\">{\"@context\":\"https:\/\/schema.org\",\"@graph\":[{\"@type\":\"WebPage\",\"@id\":\"https:\/\/www.drjohn.org\/de\/cbd-produkte\/\",\"url\":\"https:\/\/www.drjohn.org\/de\/cbd-produkte\/\",\"name\":\"Die besten CBD Produkte im Test - Inhaltsstoffe und Wirkung\",\"isPartOf\":{\"@id\":\"https:\/\/www.drjohn.org\/de\/#website\"},\"primaryImageOfPage\":{\"@id\":\"https:\/\/www.drjohn.org\/de\/cbd-produkte\/#primaryimage\"},\"image\":{\"@id\":\"https:\/\/www.drjohn.org\/de\/cbd-produkte\/#primaryimage\"},\"thumbnailUrl\":\"https:\/\/www.drjohn.org\/de\/wp-content\/uploads\/sites\/2\/2020\/01\/cbd-produkte.jpg\",\"datePublished\":\"2020-01-02T14:31:03+00:00\",\"dateModified\":\"2020-01-02T14:31:03+00:00\",\"description\":\"CBD erfreut sich immer gr\u00f6\u00dferer Beliebtheit - wir haben 6 bekannte Produkte getestet und zeigen, worauf man bei der Wahl achten sollte\",\"breadcrumb\":{\"@id\":\"https:\/\/www.drjohn.org\/de\/cbd-produkte\/#breadcrumb\"},\"inLanguage\":\"en-US\",\"potentialAction\":[{\"@type\":\"ReadAction\",\"target\":[\"https:\/\/www.drjohn.org\/de\/cbd-produkte\/\"]}]},{\"@type\":\"ImageObject\",\"inLanguage\":\"en-US\",\"@id\":\"https:\/\/www.drjohn.org\/de\/cbd-produkte\/#primaryimage\",\"url\":\"https:\/\/www.drjohn.org\/de\/wp-content\/uploads\/sites\/2\/2020\/01\/cbd-produkte.jpg\",\"contentUrl\":\"https:\/\/www.drjohn.org\/de\/wp-content\/uploads\/sites\/2\/2020\/01\/cbd-produkte.jpg\",\"width\":960,\"height\":638},{\"@type\":\"BreadcrumbList\",\"@id\":\"https:\/\/www.drjohn.org\/de\/cbd-produkte\/#breadcrumb\",\"itemListElement\":[{\"@type\":\"ListItem\",\"position\":1,\"name\":\"Home\",\"item\":\"https:\/\/www.drjohn.org\/de\/\"},{\"@type\":\"ListItem\",\"position\":2,\"name\":\"Die besten CBD Produkte im Test\"}]},{\"@type\":\"WebSite\",\"@id\":\"https:\/\/www.drjohn.org\/de\/#website\",\"url\":\"https:\/\/www.drjohn.org\/de\/\",\"name\":\"DE\",\"description\":\"Just another  Sites site\",\"publisher\":{\"@id\":\"https:\/\/www.drjohn.org\/de\/#organization\"},\"potentialAction\":[{\"@type\":\"SearchAction\",\"target\":{\"@type\":\"EntryPoint\",\"urlTemplate\":\"https:\/\/www.drjohn.org\/de\/?s={search_term_string}\"},\"query-input\":\"required name=search_term_string\"}],\"inLanguage\":\"en-US\"},{\"@type\":\"Organization\",\"@id\":\"https:\/\/www.drjohn.org\/de\/#organization\",\"name\":\"DE\",\"url\":\"https:\/\/www.drjohn.org\/de\/\",\"logo\":{\"@type\":\"ImageObject\",\"inLanguage\":\"en-US\",\"@id\":\"https:\/\/www.drjohn.org\/de\/#\/schema\/logo\/image\/\",\"url\":\"https:\/\/www.drjohn.org\/de\/wp-content\/uploads\/sites\/2\/2019\/11\/cropped-cropped-cropped-logo6-1.png\",\"contentUrl\":\"https:\/\/www.drjohn.org\/de\/wp-content\/uploads\/sites\/2\/2019\/11\/cropped-cropped-cropped-logo6-1.png\",\"width\":327,\"height\":127,\"caption\":\"DE\"},\"image\":{\"@id\":\"https:\/\/www.drjohn.org\/de\/#\/schema\/logo\/image\/\"}}]}<\/script>\n<!-- \/ Yoast SEO plugin. -->","yoast_head_json":{"title":"Die besten CBD Produkte im Test - Inhaltsstoffe und Wirkung","description":"CBD erfreut sich immer gr\u00f6\u00dferer Beliebtheit - wir haben 6 bekannte Produkte getestet und zeigen, worauf man bei der Wahl achten sollte","robots":{"index":"index","follow":"follow","max-snippet":"max-snippet:-1","max-image-preview":"max-image-preview:large","max-video-preview":"max-video-preview:-1"},"canonical":"https:\/\/www.drjohn.org\/de\/cbd-produkte\/","og_locale":"en_US","og_type":"article","og_title":"Die besten CBD Produkte im Test - Inhaltsstoffe und Wirkung","og_description":"CBD erfreut sich immer gr\u00f6\u00dferer Beliebtheit - wir haben 6 bekannte Produkte getestet und zeigen, worauf man bei der Wahl achten sollte","og_url":"https:\/\/www.drjohn.org\/de\/cbd-produkte\/","og_site_name":"DE","og_image":[{"url":"https:\/\/www.drjohn.org\/de\/wp-content\/uploads\/sites\/2\/2020\/01\/cbd-produkte.jpg"}],"twitter_card":"summary_large_image","twitter_misc":{"Est. reading time":"10 minutes"},"schema":{"@context":"https:\/\/schema.org","@graph":[{"@type":"WebPage","@id":"https:\/\/www.drjohn.org\/de\/cbd-produkte\/","url":"https:\/\/www.drjohn.org\/de\/cbd-produkte\/","name":"Die besten CBD Produkte im Test - Inhaltsstoffe und Wirkung","isPartOf":{"@id":"https:\/\/www.drjohn.org\/de\/#website"},"primaryImageOfPage":{"@id":"https:\/\/www.drjohn.org\/de\/cbd-produkte\/#primaryimage"},"image":{"@id":"https:\/\/www.drjohn.org\/de\/cbd-produkte\/#primaryimage"},"thumbnailUrl":"https:\/\/www.drjohn.org\/de\/wp-content\/uploads\/sites\/2\/2020\/01\/cbd-produkte.jpg","datePublished":"2020-01-02T14:31:03+00:00","dateModified":"2020-01-02T14:31:03+00:00","description":"CBD erfreut sich immer gr\u00f6\u00dferer Beliebtheit - wir haben 6 bekannte Produkte getestet und zeigen, worauf man bei der Wahl achten sollte","breadcrumb":{"@id":"https:\/\/www.drjohn.org\/de\/cbd-produkte\/#breadcrumb"},"inLanguage":"en-US","potentialAction":[{"@type":"ReadAction","target":["https:\/\/www.drjohn.org\/de\/cbd-produkte\/"]}]},{"@type":"ImageObject","inLanguage":"en-US","@id":"https:\/\/www.drjohn.org\/de\/cbd-produkte\/#primaryimage","url":"https:\/\/www.drjohn.org\/de\/wp-content\/uploads\/sites\/2\/2020\/01\/cbd-produkte.jpg","contentUrl":"https:\/\/www.drjohn.org\/de\/wp-content\/uploads\/sites\/2\/2020\/01\/cbd-produkte.jpg","width":960,"height":638},{"@type":"BreadcrumbList","@id":"https:\/\/www.drjohn.org\/de\/cbd-produkte\/#breadcrumb","itemListElement":[{"@type":"ListItem","position":1,"name":"Home","item":"https:\/\/www.drjohn.org\/de\/"},{"@type":"ListItem","position":2,"name":"Die besten CBD Produkte im Test"}]},{"@type":"WebSite","@id":"https:\/\/www.drjohn.org\/de\/#website","url":"https:\/\/www.drjohn.org\/de\/","name":"DE","description":"Just another  Sites site","publisher":{"@id":"https:\/\/www.drjohn.org\/de\/#organization"},"potentialAction":[{"@type":"SearchAction","target":{"@type":"EntryPoint","urlTemplate":"https:\/\/www.drjohn.org\/de\/?s={search_term_string}"},"query-input":"required name=search_term_string"}],"inLanguage":"en-US"},{"@type":"Organization","@id":"https:\/\/www.drjohn.org\/de\/#organization","name":"DE","url":"https:\/\/www.drjohn.org\/de\/","logo":{"@type":"ImageObject","inLanguage":"en-US","@id":"https:\/\/www.drjohn.org\/de\/#\/schema\/logo\/image\/","url":"https:\/\/www.drjohn.org\/de\/wp-content\/uploads\/sites\/2\/2019\/11\/cropped-cropped-cropped-logo6-1.png","contentUrl":"https:\/\/www.drjohn.org\/de\/wp-content\/uploads\/sites\/2\/2019\/11\/cropped-cropped-cropped-logo6-1.png","width":327,"height":127,"caption":"DE"},"image":{"@id":"https:\/\/www.drjohn.org\/de\/#\/schema\/logo\/image\/"}}]}},"rttpg_featured_image_url":null,"rttpg_author":{"display_name":"Dr John","author_link":"https:\/\/www.drjohn.org\/de\/author\/adam\/"},"rttpg_comment":0,"rttpg_category":null,"rttpg_excerpt":"Hanf ist seit hunderten Jahren als medizinisch wirksame Pflanze bekannt, aus der verschiedene Substanzen gewonnen werden, die Heilung bringen sollen. Wenn man von Hanf spricht, denkt man zu allererst an... Read more &raquo;","_links":{"self":[{"href":"https:\/\/www.drjohn.org\/de\/wp-json\/wp\/v2\/pages\/93"}],"collection":[{"href":"https:\/\/www.drjohn.org\/de\/wp-json\/wp\/v2\/pages"}],"about":[{"href":"https:\/\/www.drjohn.org\/de\/wp-json\/wp\/v2\/types\/page"}],"author":[{"embeddable":true,"href":"https:\/\/www.drjohn.org\/de\/wp-json\/wp\/v2\/users\/2"}],"replies":[{"embeddable":true,"href":"https:\/\/www.drjohn.org\/de\/wp-json\/wp\/v2\/comments?post=93"}],"version-history":[{"count":3,"href":"https:\/\/www.drjohn.org\/de\/wp-json\/wp\/v2\/pages\/93\/revisions"}],"predecessor-version":[{"id":100,"href":"https:\/\/www.drjohn.org\/de\/wp-json\/wp\/v2\/pages\/93\/revisions\/100"}],"wp:attachment":[{"href":"https:\/\/www.drjohn.org\/de\/wp-json\/wp\/v2\/media?parent=93"}],"curies":[{"name":"wp","href":"https:\/\/api.w.org\/{rel}","templated":true}]}}