{"id":50,"date":"2019-11-29T13:26:47","date_gmt":"2019-11-29T13:26:47","guid":{"rendered":"https:\/\/www.drjohn.org\/de\/?page_id=50"},"modified":"2020-01-09T13:54:01","modified_gmt":"2020-01-09T13:54:01","slug":"home","status":"publish","type":"page","link":"https:\/\/www.drjohn.org\/de\/","title":{"rendered":"Home"},"content":{"rendered":"<p>Willkommen bei Dr John! Wir vergleichen und testen marktf\u00fchrende Produkte im Bereich Keto, Abnehmen, Sport, Nahrungserg\u00e4nzung, CBD und Gesundheit f\u00fcr M\u00e4nner.<\/p>\n<p><strong>Keto<\/strong><\/p>\n<ul>\n<li><a href=\"https:\/\/www.drjohn.org\/de\/keto-burn-erfahrungen\/\">Keto Burn im Test<\/a><\/li>\n<li><a href=\"https:\/\/www.drjohn.org\/de\/ultra-keto-slim\/\">Ultra Keto Slim im Test<\/a><\/li>\n<\/ul>\n<p><strong>Abnehmen<\/strong><\/p>\n<ul>\n<li><a href=\"https:\/\/www.drjohn.org\/de\/refigura-test\/\">Refigura im Test<\/a><\/li>\n<\/ul>\n<p><strong>Nahrungserg\u00e4nzung<\/strong><\/p>\n<ul>\n<li><a href=\"https:\/\/www.drjohn.org\/de\/esn-whey-protein-test\/\">ESN Whey im Test<\/a><\/li>\n<\/ul>\n<p><strong>Gesundheit f\u00fcr M\u00e4nner<br \/>\n<\/strong><\/p>\n<ul>\n<li><a href=\"https:\/\/www.drjohn.org\/de\/gospring\/\">GoSpring.de im Test<\/a><\/li>\n<li><a href=\"https:\/\/www.drjohn.org\/de\/testo-ultra-erfahrungen\/\">Testo Ultra im Test<\/a><\/li>\n<\/ul>\n<p><strong>CBD<\/strong><\/p>\n<ul>\n<li><a href=\"https:\/\/www.drjohn.org\/de\/die-besten-cbd-ole-im-test\/\">Die besten CBD \u00d6le<\/a><\/li>\n<li><a href=\"https:\/\/www.drjohn.org\/de\/cbd-produkte\/\">Die besten CBD Produkte<\/a><\/li>\n<\/ul>\n","protected":false},"excerpt":{"rendered":"<p>Willkommen bei Dr John! Wir vergleichen und testen marktf\u00fchrende Produkte im Bereich Keto, Abnehmen, Sport, Nahrungserg\u00e4nzung, CBD und Gesundheit f\u00fcr M\u00e4nner. Keto Keto Burn im Test Ultra Keto Slim im&#8230; <a class=\"read-more-link\" href=\"https:\/\/www.drjohn.org\/de\/\">Read more &raquo;<\/a><\/p>\n","protected":false},"author":2,"featured_media":0,"parent":0,"menu_order":0,"comment_status":"closed","ping_status":"closed","template":"","meta":{"_acf_changed":false,"inline_featured_image":false,"_lmt_disableupdate":"","_lmt_disable":"","footnotes":""},"acf":[],"yoast_head":"<!-- This site is optimized with the Yoast SEO plugin v22.6 - https:\/\/yoast.com\/wordpress\/plugins\/seo\/ -->\n<title>Home - DE<\/title>\n<meta name=\"robots\" content=\"index, follow, max-snippet:-1, max-image-preview:large, max-video-preview:-1\" \/>\n<link rel=\"canonical\" href=\"https:\/\/www.drjohn.org\/de\/\" \/>\n<meta property=\"og:locale\" content=\"en_US\" \/>\n<meta property=\"og:type\" content=\"article\" \/>\n<meta property=\"og:title\" content=\"Home - DE\" \/>\n<meta property=\"og:description\" content=\"Willkommen bei Dr John! Wir vergleichen und testen marktf\u00fchrende Produkte im Bereich Keto, Abnehmen, Sport, Nahrungserg\u00e4nzung, CBD und Gesundheit f\u00fcr M\u00e4nner. Keto Keto Burn im Test Ultra Keto Slim im... Read more &raquo;\" \/>\n<meta property=\"og:url\" content=\"https:\/\/www.drjohn.org\/de\/\" \/>\n<meta property=\"og:site_name\" content=\"DE\" \/>\n<meta property=\"article:modified_time\" content=\"2020-01-09T13:54:01+00:00\" \/>\n<meta name=\"twitter:card\" content=\"summary_large_image\" \/>\n<script type=\"application\/ld+json\" class=\"yoast-schema-graph\">{\"@context\":\"https:\/\/schema.org\",\"@graph\":[{\"@type\":\"WebPage\",\"@id\":\"https:\/\/www.drjohn.org\/de\/\",\"url\":\"https:\/\/www.drjohn.org\/de\/\",\"name\":\"Home - DE\",\"isPartOf\":{\"@id\":\"https:\/\/www.drjohn.org\/de\/#website\"},\"datePublished\":\"2019-11-29T13:26:47+00:00\",\"dateModified\":\"2020-01-09T13:54:01+00:00\",\"breadcrumb\":{\"@id\":\"https:\/\/www.drjohn.org\/de\/#breadcrumb\"},\"inLanguage\":\"en-US\",\"potentialAction\":[{\"@type\":\"ReadAction\",\"target\":[\"https:\/\/www.drjohn.org\/de\/\"]}]},{\"@type\":\"BreadcrumbList\",\"@id\":\"https:\/\/www.drjohn.org\/de\/#breadcrumb\",\"itemListElement\":[{\"@type\":\"ListItem\",\"position\":1,\"name\":\"Home\",\"item\":\"https:\/\/www.drjohn.org\/de\/\"},{\"@type\":\"ListItem\",\"position\":2,\"name\":\"Home\"}]},{\"@type\":\"WebSite\",\"@id\":\"https:\/\/www.drjohn.org\/de\/#website\",\"url\":\"https:\/\/www.drjohn.org\/de\/\",\"name\":\"DE\",\"description\":\"Just another  Sites site\",\"publisher\":{\"@id\":\"https:\/\/www.drjohn.org\/de\/#organization\"},\"potentialAction\":[{\"@type\":\"SearchAction\",\"target\":{\"@type\":\"EntryPoint\",\"urlTemplate\":\"https:\/\/www.drjohn.org\/de\/?s={search_term_string}\"},\"query-input\":\"required name=search_term_string\"}],\"inLanguage\":\"en-US\"},{\"@type\":\"Organization\",\"@id\":\"https:\/\/www.drjohn.org\/de\/#organization\",\"name\":\"DE\",\"url\":\"https:\/\/www.drjohn.org\/de\/\",\"logo\":{\"@type\":\"ImageObject\",\"inLanguage\":\"en-US\",\"@id\":\"https:\/\/www.drjohn.org\/de\/#\/schema\/logo\/image\/\",\"url\":\"https:\/\/www.drjohn.org\/de\/wp-content\/uploads\/sites\/2\/2019\/11\/cropped-cropped-cropped-logo6-1.png\",\"contentUrl\":\"https:\/\/www.drjohn.org\/de\/wp-content\/uploads\/sites\/2\/2019\/11\/cropped-cropped-cropped-logo6-1.png\",\"width\":327,\"height\":127,\"caption\":\"DE\"},\"image\":{\"@id\":\"https:\/\/www.drjohn.org\/de\/#\/schema\/logo\/image\/\"}}]}<\/script>\n<!-- \/ Yoast SEO plugin. -->","yoast_head_json":{"title":"Home - DE","robots":{"index":"index","follow":"follow","max-snippet":"max-snippet:-1","max-image-preview":"max-image-preview:large","max-video-preview":"max-video-preview:-1"},"canonical":"https:\/\/www.drjohn.org\/de\/","og_locale":"en_US","og_type":"article","og_title":"Home - DE","og_description":"Willkommen bei Dr John! Wir vergleichen und testen marktf\u00fchrende Produkte im Bereich Keto, Abnehmen, Sport, Nahrungserg\u00e4nzung, CBD und Gesundheit f\u00fcr M\u00e4nner. Keto Keto Burn im Test Ultra Keto Slim im... Read more &raquo;","og_url":"https:\/\/www.drjohn.org\/de\/","og_site_name":"DE","article_modified_time":"2020-01-09T13:54:01+00:00","twitter_card":"summary_large_image","schema":{"@context":"https:\/\/schema.org","@graph":[{"@type":"WebPage","@id":"https:\/\/www.drjohn.org\/de\/","url":"https:\/\/www.drjohn.org\/de\/","name":"Home - DE","isPartOf":{"@id":"https:\/\/www.drjohn.org\/de\/#website"},"datePublished":"2019-11-29T13:26:47+00:00","dateModified":"2020-01-09T13:54:01+00:00","breadcrumb":{"@id":"https:\/\/www.drjohn.org\/de\/#breadcrumb"},"inLanguage":"en-US","potentialAction":[{"@type":"ReadAction","target":["https:\/\/www.drjohn.org\/de\/"]}]},{"@type":"BreadcrumbList","@id":"https:\/\/www.drjohn.org\/de\/#breadcrumb","itemListElement":[{"@type":"ListItem","position":1,"name":"Home","item":"https:\/\/www.drjohn.org\/de\/"},{"@type":"ListItem","position":2,"name":"Home"}]},{"@type":"WebSite","@id":"https:\/\/www.drjohn.org\/de\/#website","url":"https:\/\/www.drjohn.org\/de\/","name":"DE","description":"Just another  Sites site","publisher":{"@id":"https:\/\/www.drjohn.org\/de\/#organization"},"potentialAction":[{"@type":"SearchAction","target":{"@type":"EntryPoint","urlTemplate":"https:\/\/www.drjohn.org\/de\/?s={search_term_string}"},"query-input":"required name=search_term_string"}],"inLanguage":"en-US"},{"@type":"Organization","@id":"https:\/\/www.drjohn.org\/de\/#organization","name":"DE","url":"https:\/\/www.drjohn.org\/de\/","logo":{"@type":"ImageObject","inLanguage":"en-US","@id":"https:\/\/www.drjohn.org\/de\/#\/schema\/logo\/image\/","url":"https:\/\/www.drjohn.org\/de\/wp-content\/uploads\/sites\/2\/2019\/11\/cropped-cropped-cropped-logo6-1.png","contentUrl":"https:\/\/www.drjohn.org\/de\/wp-content\/uploads\/sites\/2\/2019\/11\/cropped-cropped-cropped-logo6-1.png","width":327,"height":127,"caption":"DE"},"image":{"@id":"https:\/\/www.drjohn.org\/de\/#\/schema\/logo\/image\/"}}]}},"rttpg_featured_image_url":null,"rttpg_author":{"display_name":"Dr John","author_link":"https:\/\/www.drjohn.org\/de\/author\/adam\/"},"rttpg_comment":0,"rttpg_category":null,"rttpg_excerpt":"Willkommen bei Dr John! Wir vergleichen und testen marktf\u00fchrende Produkte im Bereich Keto, Abnehmen, Sport, Nahrungserg\u00e4nzung, CBD und Gesundheit f\u00fcr M\u00e4nner. Keto Keto Burn im Test Ultra Keto Slim im... Read more &raquo;","_links":{"self":[{"href":"https:\/\/www.drjohn.org\/de\/wp-json\/wp\/v2\/pages\/50"}],"collection":[{"href":"https:\/\/www.drjohn.org\/de\/wp-json\/wp\/v2\/pages"}],"about":[{"href":"https:\/\/www.drjohn.org\/de\/wp-json\/wp\/v2\/types\/page"}],"author":[{"embeddable":true,"href":"https:\/\/www.drjohn.org\/de\/wp-json\/wp\/v2\/users\/2"}],"replies":[{"embeddable":true,"href":"https:\/\/www.drjohn.org\/de\/wp-json\/wp\/v2\/comments?post=50"}],"version-history":[{"count":7,"href":"https:\/\/www.drjohn.org\/de\/wp-json\/wp\/v2\/pages\/50\/revisions"}],"predecessor-version":[{"id":138,"href":"https:\/\/www.drjohn.org\/de\/wp-json\/wp\/v2\/pages\/50\/revisions\/138"}],"wp:attachment":[{"href":"https:\/\/www.drjohn.org\/de\/wp-json\/wp\/v2\/media?parent=50"}],"curies":[{"name":"wp","href":"https:\/\/api.w.org\/{rel}","templated":true}]}}