{"id":48,"date":"2019-11-29T14:16:36","date_gmt":"2019-11-29T14:16:36","guid":{"rendered":"https:\/\/www.drjohn.org\/de\/?page_id=48"},"modified":"2019-12-03T08:22:24","modified_gmt":"2019-12-03T08:22:24","slug":"testo-ultra-erfahrungen","status":"publish","type":"page","link":"https:\/\/www.drjohn.org\/de\/testo-ultra-erfahrungen\/","title":{"rendered":"Testo Ultra Test und Erfahrungen"},"content":{"rendered":"<p>Wer kennt nicht die kleine blaue Pille, die daf\u00fcr sorgt, dass man im Bett mehr Spa\u00df hat? Denn das <strong>potenzsteigernde Medikament<\/strong> wird nicht nur dann eingenommen, wenn man tats\u00e4chlich Probleme mit der Erektion hat, sondern auch immer wieder dann, um herauszufinden, welchen Einfluss das potenzsteigender Pr\u00e4parat tats\u00e4chlich hat. Der Nachteil der blauen Pille? Die vielen Nebenwirkungen. Denn nicht immer sollte man auf das potenzsteigernde Pr\u00e4parat zur\u00fcckgreifen &#8211; vor allem dann nicht, wenn mitunter eine Erkrankung des Herz-Kreislauf-Systems bekannt ist.<\/p>\n<p>Eine Erektion mag zudem auch nicht immer der Schl\u00fcssel zum Erfolg sein. Frauen m\u00f6gen n\u00e4mlich M\u00e4nner, die nicht nur ein sehr langes Standverm\u00f6gen haben, sondern zudem auch die Liebesenergie b\u00fcndeln und in weiterer Folge dann auch gekonnt einsetzen.<\/p>\n<div class=\"su-note\"  style=\"border-color:#90b1e5;border-radius:3px;-moz-border-radius:3px;-webkit-border-radius:3px;\"><div class=\"su-note-inner su-u-clearfix su-u-trim\" style=\"background-color:#aacbff;border-color:#ffffff;color:#000000;border-radius:3px;-moz-border-radius:3px;-webkit-border-radius:3px;\"><i class=\"fa fa-info-circle\" aria-hidden=\"true\"><\/i> Hier r\u00fcckt Testo Ultra in den Mittelpunkt. Testo Ultra ist ein sogenannter \u201e<strong>Testosteron-Booster<\/strong>\u201c, der mit zahlreichen positiven Eigenschaften punktet. So hilft das Pr\u00e4parat nicht nur bei der Verbesserung des Standverm\u00f6gens, sondern sorgt auch noch f\u00fcr eine Verwandlung in einen wilden Hengst. Zumindest behaupten das die Hersteller.<\/div><\/div>\n<p>Doch sorgt Testo Ultra tats\u00e4chlich f\u00fcr eine st\u00e4rkere Erektion, eine Verbesserung der sexuellen Energie und f\u00fcr mehr Durchhalteverm\u00f6gen, um mehrmals einen intensiven Orgasmus erleben zu k\u00f6nnen?<\/p>\n<p><strong>Um in Erfahrung zu bringen, ob Testo Ultra tats\u00e4chlich h\u00e4lt was es verspricht, muss man einen Blick hinter die Kulissen werfen.<\/strong> Vor allem auch aufgrund der Herstellerangabe, dass es hier keine Nebenwirkungen geben soll. Das w\u00fcrde n\u00e4mlich bedeuten, Testo Ultra kann ohne Ber\u00fccksichtigung etwaiger Erkrankungen oder Einschr\u00e4nkungen eingenommen werden.<\/p>\n<h2>Was ist Testo Ultra?<\/h2>\n<p><img loading=\"lazy\" decoding=\"async\" class=\"alignright size-medium wp-image-67\" src=\"https:\/\/www.drjohn.org\/de\/wp-content\/uploads\/sites\/2\/2019\/11\/testo-1-300x200.jpg\" alt=\"\" width=\"300\" height=\"200\" \/>Bei Testo Ultra handelt es sich um ein Pr\u00e4parat, das in erster Linie zum Einsatz kommt, wenn der Mann \u00fcber Potenzprobleme klagt.<strong> Testo Ultra f\u00f6rdert n\u00e4mlich die Durchblutung und sorgt aufgrund der pflanzlichen Inhaltsstoffe zudem noch f\u00fcr mehr Energie und eine bessere Ausdauer<\/strong>. Der positive Nebeneffekt: Testo Ultra beg\u00fcnstigt des Weiteren auch den Muskelaufbau. Das hei\u00dft, neben der im Bett zu beobachtenden Leistungsf\u00e4higkeit kann auch ein schnellerer Muskelaufbau, sofern man Krafttraining betreibt, beobachtet werden.<\/p>\n<p>Es geht hier also nicht nur um die Potenzsteigerung, sondern auch um die <strong>allgemeine positive Beeinflussung des eigenen K\u00f6rpers.<\/strong><\/p>\n<h2>Die Inhaltsstoffe<\/h2>\n<p>Die in Testo Ultra enthaltenen Inhaltsstoffe setzen sich aus unterschiedlichen <strong>pflanzlichen Wirkstoffen<\/strong> zusammen. Das ist auch der Grund, warum &#8211; so der Hersteller &#8211; keine Nebenwirkungen angegeben hat. Testo Ultra scheint, zumindest auf den ersten Blick, tats\u00e4chlich keine Nebenwirkungen zu verursachen.<\/p>\n<ul>\n<li><em>Elfenblume: <\/em>Die Elfenblume, eine exotische Frucht aus dem Amazonas, wird schon seit l\u00e4ngerer Zeit von Seiten der Brazilian Agricultural Research Corporation erforscht. Dieser Wirkstoff soll nicht nur den Testosteronspiegel erh\u00f6hen, sondern auch f\u00fcr eine verbesserte Durchblutung sorgen. Und immer dann, wenn es zu einer verbesserten Durchblutung kommt, kann eine wesentlich intensivere wie l\u00e4nger anhaltende Erektion beobachtet werden.<\/li>\n<li><em>Tongkat Ali Wurzel (der malaysische Ginseng): <\/em>Hier handelt es sich um eine schon seit geraumer Zeit auf den Markt zu findende Wurzel, die immer dann zum Einsatz kommt, wenn das Liebesleben, in erster Linie aus Altersgr\u00fcnden, nicht mehr so aufregend ist wie fr\u00fcher. So etwa, wenn die Symptome der sogenannte Andropause auftreten, kann die Tongkat Ali Wurzel daf\u00fcr sorgen, dass es zu einer Steigerung der Libido des Mannes kommt. Das hei\u00dft, es gibt auch eine Unterst\u00fctzung w\u00e4hrend der \u201em\u00e4nnlichen Wechseljahre\u201c.<\/li>\n<li><em>S\u00e4gepalme: <\/em>Die S\u00e4gepalme sorgt f\u00fcr eine Erh\u00f6hung der Energie und hebt des Weiteren auch den Testosteronspiegel an. So darf sich der Mann (und nat\u00fcrlich auch die Frau) \u00fcber eine wesentlich l\u00e4nger andauernde Erektion freuen.<\/li>\n<li><em>Nesselwurzel: <\/em>Bei der Nesselwurzel handelt es sich um einen milden Aromatasehemmer, der jedoch eine ausgesprochen starke Wirkung hat. Die Nesselwurzel kontrolliert einerseits den \u00d6strogenhaushalt und sorgt andererseits f\u00fcr die Bildung von Testosteron sowie f\u00fcr die F\u00f6rderung des DHT-Spiegels.<\/li>\n<\/ul>\n<h2>Anwendung und Wirkung<\/h2>\n<p>Die Anwendung ist ausgesprochen einfach. Folgt man den Angaben des Herstellers, so sollte man <strong>pro Tag zwei Tabletten einnehmen<\/strong>. Schon nach kurzer Zeit soll, so der Hersteller, eine deutlich sp\u00fcrbare Wirkung einsetzen. M\u00f6chte man Testo Ultra vor dem Liebesspiel einnehmen, so ist es ratsam, die Tablette 30 Minuten zuvor zu nehmen. Aufgrund der Tatsache, dass in Testo Ultra nur nat\u00fcrliche Inhaltsstoffe enthalten sind, mag eine Einnahme \u00fcber einen l\u00e4ngeren Zeitraum ebenfalls kein Problem darstellen.<\/p>\n<p>Wird Testo Ultra korrekt eingenommen, also wie von Seiten des Herstellers beschrieben, so sollen nachfolgende Wirkungen sp\u00fcrbar werden:<\/p>\n<h3><em>Eindeutig mehr Ausdauer im Bett<\/em><\/h3>\n<p>Aufgrund der Tatsache, dass es zu einer Steigerung des eigenen Lustempfindens kommt, kann man sich \u00fcber weitaus intensivere Stunden freuen, die zudem auch noch mehr als je zuvor genossen werden k\u00f6nnen. Davon profitiert nat\u00fcrlich auch die Partnerin, die relativ schnell bemerken wird, dass etwas \u201eanders\u201c geworden ist. Man kann seine Partnerin somit auch \u00fcberraschen, wenn man Testo Ultra \u201eheimlich\u201c einnimmt.<\/p>\n<h3><em>Verbesserte Potenz<\/em><\/h3>\n<p>Zwei Pillen am Tag reichen bereits aus, um noch mehr Freude am Liebesleben haben zu k\u00f6nnen. Die Libido wie auch die Potenz werden sich schon nach wenigen Tagen deutlich verbessern. Man wird also wesentlich l\u00e4nger mit seiner Partnerin Spa\u00df haben k\u00f6nnen.<\/p>\n<h3><em>Der Muskelaufbau wird beg\u00fcnstigt<\/em><\/h3>\n<p>Ein sehr netter Nebeneffekt, der aufgrund der wesentlich besseren Durchblutung bemerkt werden wird: Man wird viel schneller Muskeln aufbauen k\u00f6nnen &#8211; auch deshalb, weil Testo Ultra f\u00fcr eine Energiesteigerung sorgt. Die Trainingseinheiten werden nicht nur intensiver wahrgenommen, sondern f\u00fchren auch schneller zum Erfolg.<\/p>\n<h3><em>Tipp<\/em><\/h3>\n<p>Wie bereits erw\u00e4hnt, sollte man 30 Minuten vor dem Liebesspiel eine Kapsel einnehmen. Eine noch intensivere Wirkung wird dabei erzielt, wenn es sich hier um die dritte Kapsel handelt. Denn auch wenn die t\u00e4gliche Dosis bei zwei Kapseln liegt, kann mit der dritten Kapsel eine Art \u201eTurbo\u201c gez\u00fcndet werden. Jedoch ist die Einnahme einer dritten Kapsel nicht in regelm\u00e4\u00dfigen Abst\u00e4nden zu empfehlen, sondern nur tats\u00e4chlich dann, wenn es darum geht, ein noch intensiveres Liebesspiel erleben zu wollen.<\/p>\n<h2>Verbesserung der Durchblutung sorgt automatisch f\u00fcr ein verbessertes Liebesleben<\/h2>\n<p>Die Arterien sowie auch die Blutbahnen werden geschmeidiger, sodass es zu einer verbesserten Durchblutung kommt &#8211; das hei\u00dft, der Penis wird w\u00e4hrend des Geschlechtsverkehrs auch <strong>mit wesentlich mehr Blut versorgt<\/strong>. Der Penis, der aus vielen Corpora Cavernosa besteht &#8211; das sind Kammern -, ben\u00f6tigt ausreichend Blut, um in den steifen Zustand versetzt zu werden. Werden die Kammern vollst\u00e4ndig mit Blut gef\u00fcllt, so spricht man von der Erektion.<\/p>\n<p><img loading=\"lazy\" decoding=\"async\" class=\"alignnone size-full wp-image-68\" src=\"https:\/\/www.drjohn.org\/de\/wp-content\/uploads\/sites\/2\/2019\/11\/testo-2.jpg\" alt=\"\" width=\"640\" height=\"426\" \/><\/p>\n<p>Jedoch geht es auch um die Speicherung in den Kammern. Denn nur dann, wenn das Blut nicht sofort wieder r\u00fcckflie\u00dft, kann die Erektion f\u00fcr einen l\u00e4ngeren Zeitraum gehalten werden. Um hier eine lange Erektion aufrechterhalten zu k\u00f6nnen, m\u00fcssen zwei Voraussetzungen erf\u00fcllt werden: Eine gesunde Durchblutung sowie auch ein gesunder Schwellk\u00f6rper &#8211; gibt es hier Einschr\u00e4nkungen, so leidet die Erektion darunter.<\/p>\n<h2>Gibt es Nebenwirkungen?<\/h2>\n<p>Aufgrund der Tatsache, dass hier nur nat\u00fcrliche Inhaltsstoffe verwendet werden, gibt es &#8211; wie bereits mehrfach erw\u00e4hnt &#8211; keine Nebenwirkungen. Das hei\u00dft, auch dann, wenn Testo Ultra \u00fcber einen l\u00e4ngeren Zeitraum eingenommen wird, muss man keine Angst vor etwaigen Nebenwirkungen haben. Der Umstand, dass es keine Nebenwirkungen gibt, ist vor allem auch deshalb positiv, weil Testo Ultra somit j\u00fcngeren wie auch \u00e4lteren Personen empfohlen werden kann. Etwaige Vorerkrankungen spielen in der Regel keine Rolle. Jedoch sollte, sofern Erkrankungen bekannt sind, <strong>im Vorfeld mit dem Arzt R\u00fccksprache gehalten werden<\/strong>.<\/p>\n<h2>Verbessertes Liebesleben und schnellerer Muskelaufbau<\/h2>\n<p>Testo Ultra sorgt nicht nur f\u00fcr eine verbesserte Ausdauer im Bett, sondern hilft auch bei der Fettverbrennung und beim Muskelaufbau. Wer bereits Sport betreibt, der wird relativ schnell bemerken, dass man durch die Einnahme des Pr\u00e4parats mehr Energie hat und zudem auch noch schneller Muskeln aufbauen kann.<\/p>\n<h2>Das Fazit<\/h2>\n<p><strong>Bei Testo Ultra handelt es sich tats\u00e4chlich um ein potenzsteigerndes Pr\u00e4parat<\/strong>, das sehr wohl eine Alternative zu der kleinen blaue Pille sein kann. Neben der Leistungssteigerung im Bett darf man sich zudem auch \u00fcber einen verbesserten Muskelaufbau freuen. Da in Testo Ultra nur rein nat\u00fcrliche Inhaltsstoffe zu finden sind, braucht man also auch keine Angst vor etwaigen Nebenwirkungen haben.<\/p>\n<p>M\u00f6chte man sein Liebesleben auf ein neues Niveau bringen, so ist es durchaus ratsam, Testo Ultra auszuprobieren. Nicht nur der Mann wird begeistert sein.<\/p>\n","protected":false},"excerpt":{"rendered":"<p>Wer kennt nicht die kleine blaue Pille, die daf\u00fcr sorgt, dass man im Bett mehr Spa\u00df hat? Denn das potenzsteigernde Medikament wird nicht nur dann eingenommen, wenn man tats\u00e4chlich Probleme&#8230; <a class=\"read-more-link\" href=\"https:\/\/www.drjohn.org\/de\/testo-ultra-erfahrungen\/\">Read more &raquo;<\/a><\/p>\n","protected":false},"author":2,"featured_media":0,"parent":0,"menu_order":0,"comment_status":"closed","ping_status":"closed","template":"","meta":{"_acf_changed":false,"inline_featured_image":false,"_lmt_disableupdate":"yes","_lmt_disable":"","footnotes":""},"acf":[],"yoast_head":"<!-- This site is optimized with the Yoast SEO plugin v22.6 - https:\/\/yoast.com\/wordpress\/plugins\/seo\/ -->\n<title>Testo Ultra Test &amp; Erfahrungen | \ud83e\udd47 Bestes Mittel oder BETRUG?<\/title>\n<meta name=\"description\" content=\"Wir haben Testo Ultra getestet und die Erfahrungen zusammengetragen. Kann man mit den Tabletten wirklich die Potenz steigern oder ist das Humbug?\" \/>\n<meta name=\"robots\" content=\"index, follow, max-snippet:-1, max-image-preview:large, max-video-preview:-1\" \/>\n<link rel=\"canonical\" href=\"https:\/\/www.drjohn.org\/de\/testo-ultra-erfahrungen\/\" \/>\n<meta property=\"og:locale\" content=\"en_US\" \/>\n<meta property=\"og:type\" content=\"article\" \/>\n<meta property=\"og:title\" content=\"Testo Ultra Test &amp; Erfahrungen | \ud83e\udd47 Bestes Mittel oder BETRUG?\" \/>\n<meta property=\"og:description\" content=\"Wir haben Testo Ultra getestet und die Erfahrungen zusammengetragen. Kann man mit den Tabletten wirklich die Potenz steigern oder ist das Humbug?\" \/>\n<meta property=\"og:url\" content=\"https:\/\/www.drjohn.org\/de\/testo-ultra-erfahrungen\/\" \/>\n<meta property=\"og:site_name\" content=\"DE\" \/>\n<meta property=\"article:modified_time\" content=\"2019-12-03T08:22:24+00:00\" \/>\n<meta property=\"og:image\" content=\"https:\/\/www.drjohn.org\/de\/wp-content\/uploads\/sites\/2\/2019\/11\/testo-1-300x200.jpg\" \/>\n<meta name=\"twitter:card\" content=\"summary_large_image\" \/>\n<meta name=\"twitter:label1\" content=\"Est. reading time\" \/>\n\t<meta name=\"twitter:data1\" content=\"6 minutes\" \/>\n<script type=\"application\/ld+json\" class=\"yoast-schema-graph\">{\"@context\":\"https:\/\/schema.org\",\"@graph\":[{\"@type\":\"WebPage\",\"@id\":\"https:\/\/www.drjohn.org\/de\/testo-ultra-erfahrungen\/\",\"url\":\"https:\/\/www.drjohn.org\/de\/testo-ultra-erfahrungen\/\",\"name\":\"Testo Ultra Test & Erfahrungen | \ud83e\udd47 Bestes Mittel oder BETRUG?\",\"isPartOf\":{\"@id\":\"https:\/\/www.drjohn.org\/de\/#website\"},\"primaryImageOfPage\":{\"@id\":\"https:\/\/www.drjohn.org\/de\/testo-ultra-erfahrungen\/#primaryimage\"},\"image\":{\"@id\":\"https:\/\/www.drjohn.org\/de\/testo-ultra-erfahrungen\/#primaryimage\"},\"thumbnailUrl\":\"https:\/\/www.drjohn.org\/de\/wp-content\/uploads\/sites\/2\/2019\/11\/testo-1-300x200.jpg\",\"datePublished\":\"2019-11-29T14:16:36+00:00\",\"dateModified\":\"2019-12-03T08:22:24+00:00\",\"description\":\"Wir haben Testo Ultra getestet und die Erfahrungen zusammengetragen. Kann man mit den Tabletten wirklich die Potenz steigern oder ist das Humbug?\",\"breadcrumb\":{\"@id\":\"https:\/\/www.drjohn.org\/de\/testo-ultra-erfahrungen\/#breadcrumb\"},\"inLanguage\":\"en-US\",\"potentialAction\":[{\"@type\":\"ReadAction\",\"target\":[\"https:\/\/www.drjohn.org\/de\/testo-ultra-erfahrungen\/\"]}]},{\"@type\":\"ImageObject\",\"inLanguage\":\"en-US\",\"@id\":\"https:\/\/www.drjohn.org\/de\/testo-ultra-erfahrungen\/#primaryimage\",\"url\":\"https:\/\/www.drjohn.org\/de\/wp-content\/uploads\/sites\/2\/2019\/11\/testo-1.jpg\",\"contentUrl\":\"https:\/\/www.drjohn.org\/de\/wp-content\/uploads\/sites\/2\/2019\/11\/testo-1.jpg\",\"width\":640,\"height\":426},{\"@type\":\"BreadcrumbList\",\"@id\":\"https:\/\/www.drjohn.org\/de\/testo-ultra-erfahrungen\/#breadcrumb\",\"itemListElement\":[{\"@type\":\"ListItem\",\"position\":1,\"name\":\"Home\",\"item\":\"https:\/\/www.drjohn.org\/de\/\"},{\"@type\":\"ListItem\",\"position\":2,\"name\":\"Testo Ultra Test und Erfahrungen\"}]},{\"@type\":\"WebSite\",\"@id\":\"https:\/\/www.drjohn.org\/de\/#website\",\"url\":\"https:\/\/www.drjohn.org\/de\/\",\"name\":\"DE\",\"description\":\"Just another  Sites site\",\"publisher\":{\"@id\":\"https:\/\/www.drjohn.org\/de\/#organization\"},\"potentialAction\":[{\"@type\":\"SearchAction\",\"target\":{\"@type\":\"EntryPoint\",\"urlTemplate\":\"https:\/\/www.drjohn.org\/de\/?s={search_term_string}\"},\"query-input\":\"required name=search_term_string\"}],\"inLanguage\":\"en-US\"},{\"@type\":\"Organization\",\"@id\":\"https:\/\/www.drjohn.org\/de\/#organization\",\"name\":\"DE\",\"url\":\"https:\/\/www.drjohn.org\/de\/\",\"logo\":{\"@type\":\"ImageObject\",\"inLanguage\":\"en-US\",\"@id\":\"https:\/\/www.drjohn.org\/de\/#\/schema\/logo\/image\/\",\"url\":\"https:\/\/www.drjohn.org\/de\/wp-content\/uploads\/sites\/2\/2019\/11\/cropped-cropped-cropped-logo6-1.png\",\"contentUrl\":\"https:\/\/www.drjohn.org\/de\/wp-content\/uploads\/sites\/2\/2019\/11\/cropped-cropped-cropped-logo6-1.png\",\"width\":327,\"height\":127,\"caption\":\"DE\"},\"image\":{\"@id\":\"https:\/\/www.drjohn.org\/de\/#\/schema\/logo\/image\/\"}}]}<\/script>\n<!-- \/ Yoast SEO plugin. -->","yoast_head_json":{"title":"Testo Ultra Test & Erfahrungen | \ud83e\udd47 Bestes Mittel oder BETRUG?","description":"Wir haben Testo Ultra getestet und die Erfahrungen zusammengetragen. Kann man mit den Tabletten wirklich die Potenz steigern oder ist das Humbug?","robots":{"index":"index","follow":"follow","max-snippet":"max-snippet:-1","max-image-preview":"max-image-preview:large","max-video-preview":"max-video-preview:-1"},"canonical":"https:\/\/www.drjohn.org\/de\/testo-ultra-erfahrungen\/","og_locale":"en_US","og_type":"article","og_title":"Testo Ultra Test & Erfahrungen | \ud83e\udd47 Bestes Mittel oder BETRUG?","og_description":"Wir haben Testo Ultra getestet und die Erfahrungen zusammengetragen. Kann man mit den Tabletten wirklich die Potenz steigern oder ist das Humbug?","og_url":"https:\/\/www.drjohn.org\/de\/testo-ultra-erfahrungen\/","og_site_name":"DE","article_modified_time":"2019-12-03T08:22:24+00:00","og_image":[{"url":"https:\/\/www.drjohn.org\/de\/wp-content\/uploads\/sites\/2\/2019\/11\/testo-1-300x200.jpg"}],"twitter_card":"summary_large_image","twitter_misc":{"Est. reading time":"6 minutes"},"schema":{"@context":"https:\/\/schema.org","@graph":[{"@type":"WebPage","@id":"https:\/\/www.drjohn.org\/de\/testo-ultra-erfahrungen\/","url":"https:\/\/www.drjohn.org\/de\/testo-ultra-erfahrungen\/","name":"Testo Ultra Test & Erfahrungen | \ud83e\udd47 Bestes Mittel oder BETRUG?","isPartOf":{"@id":"https:\/\/www.drjohn.org\/de\/#website"},"primaryImageOfPage":{"@id":"https:\/\/www.drjohn.org\/de\/testo-ultra-erfahrungen\/#primaryimage"},"image":{"@id":"https:\/\/www.drjohn.org\/de\/testo-ultra-erfahrungen\/#primaryimage"},"thumbnailUrl":"https:\/\/www.drjohn.org\/de\/wp-content\/uploads\/sites\/2\/2019\/11\/testo-1-300x200.jpg","datePublished":"2019-11-29T14:16:36+00:00","dateModified":"2019-12-03T08:22:24+00:00","description":"Wir haben Testo Ultra getestet und die Erfahrungen zusammengetragen. Kann man mit den Tabletten wirklich die Potenz steigern oder ist das Humbug?","breadcrumb":{"@id":"https:\/\/www.drjohn.org\/de\/testo-ultra-erfahrungen\/#breadcrumb"},"inLanguage":"en-US","potentialAction":[{"@type":"ReadAction","target":["https:\/\/www.drjohn.org\/de\/testo-ultra-erfahrungen\/"]}]},{"@type":"ImageObject","inLanguage":"en-US","@id":"https:\/\/www.drjohn.org\/de\/testo-ultra-erfahrungen\/#primaryimage","url":"https:\/\/www.drjohn.org\/de\/wp-content\/uploads\/sites\/2\/2019\/11\/testo-1.jpg","contentUrl":"https:\/\/www.drjohn.org\/de\/wp-content\/uploads\/sites\/2\/2019\/11\/testo-1.jpg","width":640,"height":426},{"@type":"BreadcrumbList","@id":"https:\/\/www.drjohn.org\/de\/testo-ultra-erfahrungen\/#breadcrumb","itemListElement":[{"@type":"ListItem","position":1,"name":"Home","item":"https:\/\/www.drjohn.org\/de\/"},{"@type":"ListItem","position":2,"name":"Testo Ultra Test und Erfahrungen"}]},{"@type":"WebSite","@id":"https:\/\/www.drjohn.org\/de\/#website","url":"https:\/\/www.drjohn.org\/de\/","name":"DE","description":"Just another  Sites site","publisher":{"@id":"https:\/\/www.drjohn.org\/de\/#organization"},"potentialAction":[{"@type":"SearchAction","target":{"@type":"EntryPoint","urlTemplate":"https:\/\/www.drjohn.org\/de\/?s={search_term_string}"},"query-input":"required name=search_term_string"}],"inLanguage":"en-US"},{"@type":"Organization","@id":"https:\/\/www.drjohn.org\/de\/#organization","name":"DE","url":"https:\/\/www.drjohn.org\/de\/","logo":{"@type":"ImageObject","inLanguage":"en-US","@id":"https:\/\/www.drjohn.org\/de\/#\/schema\/logo\/image\/","url":"https:\/\/www.drjohn.org\/de\/wp-content\/uploads\/sites\/2\/2019\/11\/cropped-cropped-cropped-logo6-1.png","contentUrl":"https:\/\/www.drjohn.org\/de\/wp-content\/uploads\/sites\/2\/2019\/11\/cropped-cropped-cropped-logo6-1.png","width":327,"height":127,"caption":"DE"},"image":{"@id":"https:\/\/www.drjohn.org\/de\/#\/schema\/logo\/image\/"}}]}},"rttpg_featured_image_url":null,"rttpg_author":{"display_name":"Dr John","author_link":"https:\/\/www.drjohn.org\/de\/author\/adam\/"},"rttpg_comment":0,"rttpg_category":null,"rttpg_excerpt":"Wer kennt nicht die kleine blaue Pille, die daf\u00fcr sorgt, dass man im Bett mehr Spa\u00df hat? Denn das potenzsteigernde Medikament wird nicht nur dann eingenommen, wenn man tats\u00e4chlich Probleme... Read more &raquo;","_links":{"self":[{"href":"https:\/\/www.drjohn.org\/de\/wp-json\/wp\/v2\/pages\/48"}],"collection":[{"href":"https:\/\/www.drjohn.org\/de\/wp-json\/wp\/v2\/pages"}],"about":[{"href":"https:\/\/www.drjohn.org\/de\/wp-json\/wp\/v2\/types\/page"}],"author":[{"embeddable":true,"href":"https:\/\/www.drjohn.org\/de\/wp-json\/wp\/v2\/users\/2"}],"replies":[{"embeddable":true,"href":"https:\/\/www.drjohn.org\/de\/wp-json\/wp\/v2\/comments?post=48"}],"version-history":[{"count":3,"href":"https:\/\/www.drjohn.org\/de\/wp-json\/wp\/v2\/pages\/48\/revisions"}],"predecessor-version":[{"id":161,"href":"https:\/\/www.drjohn.org\/de\/wp-json\/wp\/v2\/pages\/48\/revisions\/161"}],"wp:attachment":[{"href":"https:\/\/www.drjohn.org\/de\/wp-json\/wp\/v2\/media?parent=48"}],"curies":[{"name":"wp","href":"https:\/\/api.w.org\/{rel}","templated":true}]}}