{"id":46,"date":"2019-11-29T14:10:46","date_gmt":"2019-11-29T14:10:46","guid":{"rendered":"https:\/\/www.drjohn.org\/de\/?page_id=46"},"modified":"2019-12-03T08:21:22","modified_gmt":"2019-12-03T08:21:22","slug":"gospring","status":"publish","type":"page","link":"https:\/\/www.drjohn.org\/de\/gospring\/","title":{"rendered":"Gospring Test und Erfahrungen"},"content":{"rendered":"<p>Bei Gospring.de handelt es sich um eine Online-Plattform, die in erster Linie <strong>von M\u00e4nnern genutzt wird<\/strong>, sofern diese Fragen zu den Themen vorzeitiger Samenerguss, Erektionsst\u00f6rungen oder auch Haarausfall haben. Hier finden die direkte Kontaktaufnahme mit dem Arzt sowie die Verbindung mit der Apotheke statt. Das hei\u00dft, dank Gospring muss der Mann jetzt nicht mehr den Hausarzt aufsuchen, eine \u00dcberweisung f\u00fcr den Spezialisten holen und lange Wartezeiten akzeptieren, um dann ein unangenehmes Vier-Augen-Gespr\u00e4ch zu f\u00fchren.<\/p>\n<div class=\"su-note\"  style=\"border-color:#90b1e5;border-radius:3px;-moz-border-radius:3px;-webkit-border-radius:3px;\"><div class=\"su-note-inner su-u-clearfix su-u-trim\" style=\"background-color:#aacbff;border-color:#ffffff;color:#000000;border-radius:3px;-moz-border-radius:3px;-webkit-border-radius:3px;\"><i class=\"fa fa-info-circle\" aria-hidden=\"true\"><\/i> Gospring stellt eine durchaus interessante M\u00f6glichkeit dar, um Probleme &#8211; so seri\u00f6s wie m\u00f6glich &#8211; ansprechen zu k\u00f6nnen.<\/div><\/div>\n<p>In erster Linie dreht sich hier nat\u00fcrlich alles um das Thema <strong>Erektionsst\u00f6rung<\/strong>. Das hei\u00dft, wenn ein Mann Probleme mit seiner Potenz hat, ist es ratsam, wenn nicht der behandelnde Hausarzt kontaktiert werden m\u00f6chte, sich mit dem Angebot von Gospring zu befassen.<\/p>\n<p><img loading=\"lazy\" decoding=\"async\" class=\"alignright size-large wp-image-57\" src=\"https:\/\/www.drjohn.org\/de\/wp-content\/uploads\/sites\/2\/2019\/11\/gospring-1-1024x612.jpg\" alt=\"\" width=\"800\" height=\"478\" \/>Nach rund 10 Minuten erfolgt die Online-Diagnose. Hat man den Fragebogen ausgef\u00fcllt, so muss man also nur ein paar Minuten auf das Ergebnis warten. Die Fragen, die auf dem Fragebogen zu finden sind, w\u00fcrde auch der Arzt in seiner Ordination stellen. <strong>Der Facharzt \u00fcberpr\u00fcft die Antworten des Fragebogens und stellt sodann das Privatrezept aus<\/strong>. Der Versand des Medikamentes erfolgt innerhalb von 48 Stunden. Zu beachten ist, dass der Versand in einer <strong>neutralen Verpackung<\/strong> stattfindet, sodass auch der Postbote keinen Verdacht sch\u00f6pft, dass ein Potenzmittel bestellt wurde.<\/p>\n<p>Alle Behandlungspl\u00e4ne, die von Gospring erstellt werden, wurden von f\u00fchrenden deutschen \u00c4rzten gepr\u00fcft. Zudem werden <strong>nur Medikamente verschrieben, die auch in Deutschland zugelassen sind<\/strong>. Des Weiteren wird Gospring auch von einem Team an renommierten Medizinern, Pharmazeuten wie auch Therapeuten unterst\u00fctzt und beraten, sodass eine hohe medizinische Kompetenz wie auch Qualit\u00e4t gegeben sind. Das Team von Gospring sitzt in M\u00fcnchen; das Angebot wird seit dem Jahr 2018 zur Verf\u00fcgung gestellt.<\/p>\n<div class=\"su-note\"  style=\"border-color:#90b1e5;border-radius:3px;-moz-border-radius:3px;-webkit-border-radius:3px;\"><div class=\"su-note-inner su-u-clearfix su-u-trim\" style=\"background-color:#aacbff;border-color:#ffffff;color:#000000;border-radius:3px;-moz-border-radius:3px;-webkit-border-radius:3px;\"><i class=\"fa fa-info-circle\" aria-hidden=\"true\"><\/i> Hinweis: M\u00e4nner, die einen sehr hohen oder ungew\u00f6hnlich niedrigen Blutdruck haben oder an bestimmten Erkrankungen leiden oder mitunter andere Medikamente einnehmen, sollten jedoch besonders vorsichtig sein und mitunter den behandelnden Hausarzt kontaktieren.<\/div><\/div>\n<h2>Was ist Gospring?<\/h2>\n<p>Gospring hat gemeinsam mit einem Team, das aus <strong>renommierten \u00c4rzten, Therapeuten wie Pharmazeuten besteht<\/strong>, einen Fragebogen entwickelt, der von M\u00e4nnern ausgef\u00fcllt werden soll, die an einer Erektionsst\u00f6rung leiden. Nachdem von Seiten des Patienten die Fragen wahrheitsgem\u00e4\u00df beantwortet wurden, \u00fcberpr\u00fcft ein Facharzt sodann die Antworten. In weiterer Folge kommt es zur Ausstellung eines Privatrezeptes. \u00dcber die mit Gospring zusammenarbeitende Apotheke wird das Medikament dann versendet. Innerhalb von 48 Stunden wird das bestellte Produkt versendet &#8211; das hei\u00dft, drei bis f\u00fcnf Tage, nachdem der Fragebogen ausgewertet wurde, wird das Medikament bereits im Briefkasten zu finden sein.<\/p>\n<h2>Welche Fragen sind vom Patienten zu beantworten?<\/h2>\n<p>Aufgrund der Tatsache, dass der Fragebogen von \u00c4rzten, Therapeuten wie auch Pharmazeuten entwickelt wurde, darf man davon ausgehen, dass es sich um dieselben Fragen handelt, die auch der behandelnde Hausarzt in seiner Ordination stellen w\u00fcrde.<\/p>\n<p>So geht es in erster Linie darum, ob es Erektionsschwierigkeiten gibt oder ob das Problem mitunter dann auftritt, wenn es darum geht, die Erektion \u00fcber einen l\u00e4ngeren Zeitraum zu halten. Zudem geht es um die <strong>Blutdruckwerte wie auch um die Frage, ob in regelm\u00e4\u00dfigen Abst\u00e4nden Alkohol getrunken wird<\/strong>. Auch die Frage, ob geraucht wird und wenn ja, wie viele Zigaretten am Tag, wird gestellt.<\/p>\n<h2>Welche Medikamente werden verschrieben?<\/h2>\n<p>Leidet man an Erektionsst\u00f6rungen, so m\u00f6chte man nat\u00fcrlich Medikamente einnehmen, die den gew\u00fcnschten Erfolg bringen &#8211; n\u00e4mlich eine langanhaltende Erektion. Das g\u00e4ngigste Mittel? PDE-5-Hemmer. Durch die Entspannung der Blutgef\u00e4\u00dfe kann wesentlich mehr Blut in den Schwellk\u00f6rper gelangen, sodass es zu einer Erektion kommt. <strong>Aus diesem Grund werden von Seiten der auf Gospring t\u00e4tigen \u00c4rzte Tadalafil-Produkte (beispielsweise Cialis) oder auch Sildenafil-Produkte (unter anderem Viagra) verschrieben<\/strong>.<\/p>\n<p>Aufgrund der Tatsache, dass die \u00c4rzte dieselben Fragen wie der behandelnde Hausarzt stellen w\u00fcrden, mag es somit auch kein Problem sein, die Erektionsst\u00f6rung zu diagnostizieren. Denn schon alleine das Beantworten der Fragen des Fragebogens reicht aus, um in Erfahrung bringen zu k\u00f6nnen, ob eine Erektionsst\u00f6rung vorliegt oder nicht. Hier muss keine Untersuchung des Intimbereichs vorgenommen werden.<\/p>\n<div class=\"su-note\"  style=\"border-color:#90b1e5;border-radius:3px;-moz-border-radius:3px;-webkit-border-radius:3px;\"><div class=\"su-note-inner su-u-clearfix su-u-trim\" style=\"background-color:#aacbff;border-color:#ffffff;color:#000000;border-radius:3px;-moz-border-radius:3px;-webkit-border-radius:3px;\"><i class=\"fa fa-info-circle\" aria-hidden=\"true\"><\/i> Zu beachten ist, wie bereits erw\u00e4hnt, dass es ratsam ist, keine PDE-5-Hemmer einzunehmen, wenn man einen hohen oder niedrigen Blutdruck hat. In diesem Fall ist es wichtig, den behandelnden Hausarzt zu kontaktieren, um keine nichtgew\u00fcnschten Effekte zu erzielen. Man darf n\u00e4mlich nicht vergessen, dass Erektionsst\u00f6rungen mitunter oft auch ein Symptom einer anderen Erkrankung sind. Das hei\u00dft, hier mag zwar mit Medikamenten ein Symptom behandelt werden, das jedoch auch verschwinden k\u00f6nnte, sofern es zur Behandlung der Grunderkrankung kommt.<\/div><\/div>\n<h2>Kann das Rezept auch f\u00fcr eine andere Person angefordert werden?<\/h2>\n<p>Nat\u00fcrlich mag es unangenehm sein, wenn man \u00fcber seine Erektionsprobleme spricht. Jedoch ist es wichtig, dass das Rezept immer nur f\u00fcr sich selbst angefordert wird. <strong>Eine Anforderung f\u00fcr Dritte wird von Seiten der Plattform nicht unterst\u00fctzt<\/strong>. Denn es geht hier in erster Linie um sich selbst &#8211; das hei\u00dft, man muss den Fragebogen anhand seiner eigenen Erfahrungen wie Probleme ausf\u00fcllen und kann nicht f\u00fcr den Freund ein paar Fragen beantworten.<\/p>\n<h2>Die Kosten\u00fcbersicht<\/h2>\n<p>Aufgrund der Tatsache, dass Gospring die Dienste nicht kostenlos zur Verf\u00fcgung stellen kann, ist f\u00fcr die \u00e4rztliche Behandlung sowie f\u00fcr die erfolgreiche <strong>Ausstellung eines Privatrezepts eine Geb\u00fchr von 24 Euro zu bezahlen<\/strong>. Zudem kommen &#8211; nat\u00fcrlich abh\u00e4ngig von der getroffenen Produktauswahl &#8211; noch die Kosten f\u00fcr das zu bestellende Medikament hinzu. Die Kosten pro Tablette beginnen bei 1,12 Euro (Stand: Mitte 2019).<\/p>\n<p>Die anfallenden Kosten k\u00f6nnen dann per<\/p>\n<ul>\n<li>SEPA Lastschrift,<\/li>\n<li>Kreditkarte oder auch<\/li>\n<li>PayPal<\/li>\n<\/ul>\n<p>bezahlt werden.<\/p>\n<h2>Gibt es eine empfehlenswerte Alternative?<\/h2>\n<p>Auch wenn Viagra sowie andere Potenzmittel und auch Behandlungen gegen Erektionsschwierigkeiten massenweise im Internet angeboten werden, so gibt es nat\u00fcrlich auch ein paar \u201eschwarze Schafe\u201c, denen keinesfalls das Vertrauen geschenkt werden darf. Zu beachten ist, dass Medikamente, die bei Erektionsst\u00f6rungen helfen sollen, immer verschreibungspflichtig sind &#8211; werden also <strong>Pr\u00e4parate angeboten, die man ohne Rezept bekommt, so werden diese in der Regel nicht den gew\u00fcnschten Erfolg bringen<\/strong>.<\/p>\n<p>Um sicher zu sein, dass sich hinter dem Anbieter kein \u201eschwarzes Schaf\u201c befindet, ist es ratsam, nach Erfahrungsberichten zu suchen.<\/p>\n<div class=\"su-note\"  style=\"border-color:#90b1e5;border-radius:3px;-moz-border-radius:3px;-webkit-border-radius:3px;\"><div class=\"su-note-inner su-u-clearfix su-u-trim\" style=\"background-color:#aacbff;border-color:#ffffff;color:#000000;border-radius:3px;-moz-border-radius:3px;-webkit-border-radius:3px;\"><i class=\"fa fa-info-circle\" aria-hidden=\"true\"><\/i> Fakt ist: Gospring mag eine durchaus interessante wie auch empfehlenswerte Plattform sein &#8211; es ist daher nicht erforderlich, nach einer Alternative Ausschau zu halten.<\/div><\/div>\n<h2>Ist Gospring seri\u00f6s?<\/h2>\n<p><img loading=\"lazy\" decoding=\"async\" class=\"alignright wp-image-58 size-medium\" src=\"https:\/\/www.drjohn.org\/de\/wp-content\/uploads\/sites\/2\/2019\/11\/gospring-2-300x274.jpg\" alt=\"\" width=\"300\" height=\"274\" \/>Ja. Auch wenn es auf den ersten Blick mitunter so wirkt, als w\u00fcrde man sich hier tats\u00e4chlich au\u00dferhalb der Rechtsprechung bewegen, so ist Gospring ein seri\u00f6ser Dienst, der durchaus in Anspruch genommen werden kann. Vor allem beweisen das auch die unz\u00e4hligen positiven Kundenstimmen. Folgt man etwa den Bewertungen bei Trusted Shops, einem der wohl bekanntesten Anbieter f\u00fcr G\u00fctesiegel mit K\u00e4uferschutz, so liegt Gospring aktuell bei 4,7 von 5 Sternen (Stand: September 2019). <strong>Das hei\u00dft, Gospring kann tats\u00e4chlich \u00fcberzeugen.<\/strong><\/p>\n<p>Folgt man den Erfahrungsberichten, so mag Gospring besonders in den Bereichen Lieferung und Qualit\u00e4t des Verpackungsinhaltes \u00fcberzeugen; des Weiteren wird immer wieder der reibungslose Ablauf als positives Merkmal hervorgehoben.<\/p>\n<p>Bei eKombi ist eine vergleichbar gute Bewertung sichtbar &#8211; hier sind es 4,9 von 5 Sternen (Stand: September 2019). Gospring hat sich aufgrund dieser Bewertung das \u201egoldene Siegel\u201c verdient.<\/p>\n<p>Neben den sehr guten Bewertungen, der wirklich problemlosen Bestellung und dem schnellen Versand gibt es auch noch den Kundenservice, der ebenfalls \u00fcberzeugt. Denn das Team von Gospring steht von Montag bis Freitag, 8 Uhr bis 20 Uhr, telefonisch bereit. Es gibt aber auch die M\u00f6glichkeit der Kontaktaufnahme per E-Mail oder auch die Nutzung des Live Chats. Wer also Fragen oder Schwierigkeiten hat, der kann somit fast <strong>immer Kontakt mit einem der Mitarbeiter von Gospring aufnehmen.<\/strong><\/p>\n<h2>Das Fazit<\/h2>\n<p>Gospring hat es am Ende tats\u00e4chlich geschafft, eine leicht verst\u00e4ndliche wie auch sehr \u00fcbersichtliche Plattform zu kreieren, die M\u00e4nnern hilft, die spezielle M\u00e4nnerprobleme haben. Wer unsicher ist, sollte sich die vielen positiven Erfahrungsberichte ansehen. <strong>Fakt ist: Gospring \u00fcberzeugt &#8211; und das in jedem einzelnen Bereich.<\/strong><\/p>\n","protected":false},"excerpt":{"rendered":"<p>Bei Gospring.de handelt es sich um eine Online-Plattform, die in erster Linie von M\u00e4nnern genutzt wird, sofern diese Fragen zu den Themen vorzeitiger Samenerguss, Erektionsst\u00f6rungen oder auch Haarausfall haben. Hier&#8230; <a class=\"read-more-link\" href=\"https:\/\/www.drjohn.org\/de\/gospring\/\">Read more &raquo;<\/a><\/p>\n","protected":false},"author":2,"featured_media":0,"parent":0,"menu_order":0,"comment_status":"closed","ping_status":"closed","template":"","meta":{"_acf_changed":false,"inline_featured_image":false,"_lmt_disableupdate":"yes","_lmt_disable":"","footnotes":""},"acf":[],"yoast_head":"<!-- This site is optimized with the Yoast SEO plugin v22.6 - https:\/\/yoast.com\/wordpress\/plugins\/seo\/ -->\n<title>Gospring Test &amp; Erfahrungen | \ud83e\udd47 Beste Plattform oder BETRUG?<\/title>\n<meta name=\"description\" content=\"Wir haben GoSpring getestet und die Erfahrungen zusammengetragen. Hilft die Plattform wirklich oder handelt es sich schlicht um Betrug?\" \/>\n<meta name=\"robots\" content=\"index, follow, max-snippet:-1, max-image-preview:large, max-video-preview:-1\" \/>\n<link rel=\"canonical\" href=\"https:\/\/www.drjohn.org\/de\/gospring\/\" \/>\n<meta property=\"og:locale\" content=\"en_US\" \/>\n<meta property=\"og:type\" content=\"article\" \/>\n<meta property=\"og:title\" content=\"Gospring Test &amp; Erfahrungen | \ud83e\udd47 Beste Plattform oder BETRUG?\" \/>\n<meta property=\"og:description\" content=\"Wir haben GoSpring getestet und die Erfahrungen zusammengetragen. Hilft die Plattform wirklich oder handelt es sich schlicht um Betrug?\" \/>\n<meta property=\"og:url\" content=\"https:\/\/www.drjohn.org\/de\/gospring\/\" \/>\n<meta property=\"og:site_name\" content=\"DE\" \/>\n<meta property=\"article:modified_time\" content=\"2019-12-03T08:21:22+00:00\" \/>\n<meta property=\"og:image\" content=\"https:\/\/www.drjohn.org\/de\/wp-content\/uploads\/sites\/2\/2019\/11\/gospring-1-1024x612.jpg\" \/>\n<meta name=\"twitter:card\" content=\"summary_large_image\" \/>\n<meta name=\"twitter:label1\" content=\"Est. reading time\" \/>\n\t<meta name=\"twitter:data1\" content=\"6 minutes\" \/>\n<script type=\"application\/ld+json\" class=\"yoast-schema-graph\">{\"@context\":\"https:\/\/schema.org\",\"@graph\":[{\"@type\":\"WebPage\",\"@id\":\"https:\/\/www.drjohn.org\/de\/gospring\/\",\"url\":\"https:\/\/www.drjohn.org\/de\/gospring\/\",\"name\":\"Gospring Test & Erfahrungen | \ud83e\udd47 Beste Plattform oder BETRUG?\",\"isPartOf\":{\"@id\":\"https:\/\/www.drjohn.org\/de\/#website\"},\"primaryImageOfPage\":{\"@id\":\"https:\/\/www.drjohn.org\/de\/gospring\/#primaryimage\"},\"image\":{\"@id\":\"https:\/\/www.drjohn.org\/de\/gospring\/#primaryimage\"},\"thumbnailUrl\":\"https:\/\/www.drjohn.org\/de\/wp-content\/uploads\/sites\/2\/2019\/11\/gospring-1-1024x612.jpg\",\"datePublished\":\"2019-11-29T14:10:46+00:00\",\"dateModified\":\"2019-12-03T08:21:22+00:00\",\"description\":\"Wir haben GoSpring getestet und die Erfahrungen zusammengetragen. Hilft die Plattform wirklich oder handelt es sich schlicht um Betrug?\",\"breadcrumb\":{\"@id\":\"https:\/\/www.drjohn.org\/de\/gospring\/#breadcrumb\"},\"inLanguage\":\"en-US\",\"potentialAction\":[{\"@type\":\"ReadAction\",\"target\":[\"https:\/\/www.drjohn.org\/de\/gospring\/\"]}]},{\"@type\":\"ImageObject\",\"inLanguage\":\"en-US\",\"@id\":\"https:\/\/www.drjohn.org\/de\/gospring\/#primaryimage\",\"url\":\"https:\/\/www.drjohn.org\/de\/wp-content\/uploads\/sites\/2\/2019\/11\/gospring-1.jpg\",\"contentUrl\":\"https:\/\/www.drjohn.org\/de\/wp-content\/uploads\/sites\/2\/2019\/11\/gospring-1.jpg\",\"width\":1274,\"height\":761},{\"@type\":\"BreadcrumbList\",\"@id\":\"https:\/\/www.drjohn.org\/de\/gospring\/#breadcrumb\",\"itemListElement\":[{\"@type\":\"ListItem\",\"position\":1,\"name\":\"Home\",\"item\":\"https:\/\/www.drjohn.org\/de\/\"},{\"@type\":\"ListItem\",\"position\":2,\"name\":\"Gospring Test und Erfahrungen\"}]},{\"@type\":\"WebSite\",\"@id\":\"https:\/\/www.drjohn.org\/de\/#website\",\"url\":\"https:\/\/www.drjohn.org\/de\/\",\"name\":\"DE\",\"description\":\"Just another  Sites site\",\"publisher\":{\"@id\":\"https:\/\/www.drjohn.org\/de\/#organization\"},\"potentialAction\":[{\"@type\":\"SearchAction\",\"target\":{\"@type\":\"EntryPoint\",\"urlTemplate\":\"https:\/\/www.drjohn.org\/de\/?s={search_term_string}\"},\"query-input\":\"required name=search_term_string\"}],\"inLanguage\":\"en-US\"},{\"@type\":\"Organization\",\"@id\":\"https:\/\/www.drjohn.org\/de\/#organization\",\"name\":\"DE\",\"url\":\"https:\/\/www.drjohn.org\/de\/\",\"logo\":{\"@type\":\"ImageObject\",\"inLanguage\":\"en-US\",\"@id\":\"https:\/\/www.drjohn.org\/de\/#\/schema\/logo\/image\/\",\"url\":\"https:\/\/www.drjohn.org\/de\/wp-content\/uploads\/sites\/2\/2019\/11\/cropped-cropped-cropped-logo6-1.png\",\"contentUrl\":\"https:\/\/www.drjohn.org\/de\/wp-content\/uploads\/sites\/2\/2019\/11\/cropped-cropped-cropped-logo6-1.png\",\"width\":327,\"height\":127,\"caption\":\"DE\"},\"image\":{\"@id\":\"https:\/\/www.drjohn.org\/de\/#\/schema\/logo\/image\/\"}}]}<\/script>\n<!-- \/ Yoast SEO plugin. -->","yoast_head_json":{"title":"Gospring Test & Erfahrungen | \ud83e\udd47 Beste Plattform oder BETRUG?","description":"Wir haben GoSpring getestet und die Erfahrungen zusammengetragen. Hilft die Plattform wirklich oder handelt es sich schlicht um Betrug?","robots":{"index":"index","follow":"follow","max-snippet":"max-snippet:-1","max-image-preview":"max-image-preview:large","max-video-preview":"max-video-preview:-1"},"canonical":"https:\/\/www.drjohn.org\/de\/gospring\/","og_locale":"en_US","og_type":"article","og_title":"Gospring Test & Erfahrungen | \ud83e\udd47 Beste Plattform oder BETRUG?","og_description":"Wir haben GoSpring getestet und die Erfahrungen zusammengetragen. Hilft die Plattform wirklich oder handelt es sich schlicht um Betrug?","og_url":"https:\/\/www.drjohn.org\/de\/gospring\/","og_site_name":"DE","article_modified_time":"2019-12-03T08:21:22+00:00","og_image":[{"url":"https:\/\/www.drjohn.org\/de\/wp-content\/uploads\/sites\/2\/2019\/11\/gospring-1-1024x612.jpg"}],"twitter_card":"summary_large_image","twitter_misc":{"Est. reading time":"6 minutes"},"schema":{"@context":"https:\/\/schema.org","@graph":[{"@type":"WebPage","@id":"https:\/\/www.drjohn.org\/de\/gospring\/","url":"https:\/\/www.drjohn.org\/de\/gospring\/","name":"Gospring Test & Erfahrungen | \ud83e\udd47 Beste Plattform oder BETRUG?","isPartOf":{"@id":"https:\/\/www.drjohn.org\/de\/#website"},"primaryImageOfPage":{"@id":"https:\/\/www.drjohn.org\/de\/gospring\/#primaryimage"},"image":{"@id":"https:\/\/www.drjohn.org\/de\/gospring\/#primaryimage"},"thumbnailUrl":"https:\/\/www.drjohn.org\/de\/wp-content\/uploads\/sites\/2\/2019\/11\/gospring-1-1024x612.jpg","datePublished":"2019-11-29T14:10:46+00:00","dateModified":"2019-12-03T08:21:22+00:00","description":"Wir haben GoSpring getestet und die Erfahrungen zusammengetragen. Hilft die Plattform wirklich oder handelt es sich schlicht um Betrug?","breadcrumb":{"@id":"https:\/\/www.drjohn.org\/de\/gospring\/#breadcrumb"},"inLanguage":"en-US","potentialAction":[{"@type":"ReadAction","target":["https:\/\/www.drjohn.org\/de\/gospring\/"]}]},{"@type":"ImageObject","inLanguage":"en-US","@id":"https:\/\/www.drjohn.org\/de\/gospring\/#primaryimage","url":"https:\/\/www.drjohn.org\/de\/wp-content\/uploads\/sites\/2\/2019\/11\/gospring-1.jpg","contentUrl":"https:\/\/www.drjohn.org\/de\/wp-content\/uploads\/sites\/2\/2019\/11\/gospring-1.jpg","width":1274,"height":761},{"@type":"BreadcrumbList","@id":"https:\/\/www.drjohn.org\/de\/gospring\/#breadcrumb","itemListElement":[{"@type":"ListItem","position":1,"name":"Home","item":"https:\/\/www.drjohn.org\/de\/"},{"@type":"ListItem","position":2,"name":"Gospring Test und Erfahrungen"}]},{"@type":"WebSite","@id":"https:\/\/www.drjohn.org\/de\/#website","url":"https:\/\/www.drjohn.org\/de\/","name":"DE","description":"Just another  Sites site","publisher":{"@id":"https:\/\/www.drjohn.org\/de\/#organization"},"potentialAction":[{"@type":"SearchAction","target":{"@type":"EntryPoint","urlTemplate":"https:\/\/www.drjohn.org\/de\/?s={search_term_string}"},"query-input":"required name=search_term_string"}],"inLanguage":"en-US"},{"@type":"Organization","@id":"https:\/\/www.drjohn.org\/de\/#organization","name":"DE","url":"https:\/\/www.drjohn.org\/de\/","logo":{"@type":"ImageObject","inLanguage":"en-US","@id":"https:\/\/www.drjohn.org\/de\/#\/schema\/logo\/image\/","url":"https:\/\/www.drjohn.org\/de\/wp-content\/uploads\/sites\/2\/2019\/11\/cropped-cropped-cropped-logo6-1.png","contentUrl":"https:\/\/www.drjohn.org\/de\/wp-content\/uploads\/sites\/2\/2019\/11\/cropped-cropped-cropped-logo6-1.png","width":327,"height":127,"caption":"DE"},"image":{"@id":"https:\/\/www.drjohn.org\/de\/#\/schema\/logo\/image\/"}}]}},"rttpg_featured_image_url":null,"rttpg_author":{"display_name":"Dr John","author_link":"https:\/\/www.drjohn.org\/de\/author\/adam\/"},"rttpg_comment":0,"rttpg_category":null,"rttpg_excerpt":"Bei Gospring.de handelt es sich um eine Online-Plattform, die in erster Linie von M\u00e4nnern genutzt wird, sofern diese Fragen zu den Themen vorzeitiger Samenerguss, Erektionsst\u00f6rungen oder auch Haarausfall haben. Hier... Read more &raquo;","_links":{"self":[{"href":"https:\/\/www.drjohn.org\/de\/wp-json\/wp\/v2\/pages\/46"}],"collection":[{"href":"https:\/\/www.drjohn.org\/de\/wp-json\/wp\/v2\/pages"}],"about":[{"href":"https:\/\/www.drjohn.org\/de\/wp-json\/wp\/v2\/types\/page"}],"author":[{"embeddable":true,"href":"https:\/\/www.drjohn.org\/de\/wp-json\/wp\/v2\/users\/2"}],"replies":[{"embeddable":true,"href":"https:\/\/www.drjohn.org\/de\/wp-json\/wp\/v2\/comments?post=46"}],"version-history":[{"count":5,"href":"https:\/\/www.drjohn.org\/de\/wp-json\/wp\/v2\/pages\/46\/revisions"}],"predecessor-version":[{"id":162,"href":"https:\/\/www.drjohn.org\/de\/wp-json\/wp\/v2\/pages\/46\/revisions\/162"}],"wp:attachment":[{"href":"https:\/\/www.drjohn.org\/de\/wp-json\/wp\/v2\/media?parent=46"}],"curies":[{"name":"wp","href":"https:\/\/api.w.org\/{rel}","templated":true}]}}