{"id":37,"date":"2019-11-29T14:12:47","date_gmt":"2019-11-29T14:12:47","guid":{"rendered":"https:\/\/www.drjohn.org\/de\/?page_id=37"},"modified":"2019-12-03T08:19:17","modified_gmt":"2019-12-03T08:19:17","slug":"keto-burn-erfahrungen","status":"publish","type":"page","link":"https:\/\/www.drjohn.org\/de\/keto-burn-erfahrungen\/","title":{"rendered":"Keto Burn Test und Erfahrungen"},"content":{"rendered":"<p>Viele Menschen tr\u00e4umen davon, endlich rank und schlank zu sein. Doch in vielen F\u00e4llen bleibt es leider nur ein Traum. Nat\u00fcrlich mag die falsche Ern\u00e4hrung der Hauptgrund sein, warum man an Gewicht zulegt bzw. nicht abnimmt. Aber auch viele Di\u00e4tformen beg\u00fcnstigen &#8211; so merkw\u00fcrdig das jetzt auf den ersten Blick erscheinen mag &#8211; die Gewichtszunahme. Denn wenn Erfolge versprochen werden, die jedoch nicht eintreten, so rutscht man abermals in die Negativspirale &#8211; vor allem dann, wenn w\u00e4hrend der Di\u00e4t festgestellt wird, dass man etwas an Gewicht zugelegt hat.<\/p>\n<p>Wer im Internet nach der perfekten Di\u00e4t sucht, der wird mitunter auf <strong>Keto Burn<\/strong> sto\u00dfen. Dabei handelt es sich, so der Hersteller, um ein Di\u00e4tpr\u00e4parat, das f\u00fcr einen schnellen Gewichtsverlust sorgt. Nun muss die Frage gekl\u00e4rt werden: <strong>Wundermittel oder klassisches Abzocke?<\/strong><\/p>\n<h2>Was ist Keto Burn?<\/h2>\n<p><img loading=\"lazy\" decoding=\"async\" class=\"alignright size-medium wp-image-61\" src=\"https:\/\/www.drjohn.org\/de\/wp-content\/uploads\/sites\/2\/2019\/11\/keto-1-300x200.jpg\" alt=\"\" width=\"300\" height=\"200\" \/>Hier handelt es sich um Kapseln, die daf\u00fcr sorgen, dass der K\u00f6rper in den Zustand der Ketose versetzt wird. <strong>Das hei\u00dft, anstelle der Kohlenhydrate wird Fett verbrannt.<\/strong> Der K\u00f6rper holt sich also die Energie aus den Fettreserven.<\/p>\n<p>Den Zustand der Ketose erreicht man in der Regel nur unter Einhaltung einer mehrw\u00f6chigen Di\u00e4t. Das hei\u00dft, mit Keto Burn erspart man sich nicht nur die ausgesprochen harte Di\u00e4t, sondern kann zudem auch noch Zeit sparen.<\/p>\n<h2>Die Inhaltsstoffe<\/h2>\n<p>Der Hersteller wirbt damit, dass in Keto Burn nur nat\u00fcrliche Inhaltsstoffe zu finden sind. Wirft man einen Blick hinter die Kulissen, so scheint das der Wahrheit zu entsprechen. Doch kann der K\u00f6rper tats\u00e4chlich nur mit pflanzlichen Mitteln in den Zustand der Ketose versetzt werden?<\/p>\n<ul>\n<li><em>Guarana: <\/em>Die Besonderheit von Guarana? Der Koffeingehalt ist wesentlich h\u00f6her als in den Kaffeebohnen. So k\u00f6nnen das Nervensystem wie auch die Lipolyse angeregt werden. Auf diese Art und Weise kommt es zur Spaltung des Fetts im Fettgewerbe. Die dadurch entstehenden Fetts\u00e4uren werden dann direkt \u00fcber das Blut von der Leber aufgenommen. Somit wird die Entstehung von Ketonk\u00f6rpern beg\u00fcnstigt.<\/li>\n<li><em>Damiana: <\/em>Damiana ist eine Heilpflanze, die unter anderem stressmindernd, entz\u00fcndungshemmend wie auch stimulierend wirkt. Des Weiteren hilft Damiana auch gegen Magenbeschwerden, Schwindel und gegen Kopfschmerzen.<\/li>\n<li><em>Yerba mate: <\/em>Yerba mate hat eine mit Kaffee vergleichbare Wirkung. Jedoch h\u00e4lt hier die Wirkung wesentlich l\u00e4nger an. Zudem kann nach Einnahme von Yerba mate eine Leistungsf\u00f6rderung beobachtet werden. Zudem gibt es hier auch den gro\u00dfen Vorteil, dass das immer wieder auftretende Hungergef\u00fchl gestillt werden kann. Aus diesem Grund wird Yerba mate auch gerne im Rahmen diverser Di\u00e4ten empfohlen.<\/li>\n<li><em>Gr\u00fcner Tee: <\/em>In dem gr\u00fcnen Tee sind zahlreiche Bitterstoffe enthalten, die einen nicht zu untersch\u00e4tzenden Einfluss auf den Stoffwechsel haben. Des Weiteren sorgen die Bitterstoffe auch f\u00fcr eine Z\u00fcgelung des Appetits &#8211; so kann beispielsweise der Hei\u00dfhunger auf S\u00fc\u00dfigkeiten in den Griff bekommen werden. Zudem ist der gr\u00fcne Tee sehr kalorienarm und hat auch eine positive Wirkung auf das Immunsystem.<\/li>\n<li><em>Granatapfel-Extrakt: <\/em>In einem Granatapfel finden sich ausgesprochen viele Antioxidantien, die die Zellen vor den sch\u00e4dlichen Einfl\u00fcssen besch\u00fctzen. Zudem wird der Alterungsprozess verlangsamt. Auch Entz\u00fcndungen k\u00f6nnen gehemmt werden.<\/li>\n<li><em>Sibirischer Ginseng: <\/em>Mit sibirischem Ginseng k\u00f6nnen die Reaktionszeit sowie die Konzentrationsf\u00e4higkeit verbessert werden. Des Weiteren kommt es zu einer Erh\u00f6hung der Sauerstoffaufnahme und einer verbesserten Regenerationsf\u00e4higkeit.<\/li>\n<li><em>Resveratrol: <\/em>Resveratrol ist ein pflanzliches Polyphenol, das nicht nur Diabetes vorbeugen soll, sondern unter anderem auch den Fettabbau beg\u00fcnstigt.<\/li>\n<\/ul>\n<h2>Gibt es Nebenwirkungen?<\/h2>\n<p>Wirft man einen Blick auf die Homepage des Herstellers, so wird man relativ schnell bemerken, dass hier keine Nebenwirkungen angef\u00fchrt werden. Aufgrund der Tatsache, dass in Keto Burn nur rein pflanzliche Inhaltsstoffe enthalten sind, sollten &#8211; zumindest in der Theorie &#8211; also keine Nebenwirkungen auftreten.<\/p>\n<div class=\"su-note\"  style=\"border-color:#90b1e5;border-radius:3px;-moz-border-radius:3px;-webkit-border-radius:3px;\"><div class=\"su-note-inner su-u-clearfix su-u-trim\" style=\"background-color:#aacbff;border-color:#ffffff;color:#000000;border-radius:3px;-moz-border-radius:3px;-webkit-border-radius:3px;\"><i class=\"fa fa-info-circle\" aria-hidden=\"true\"><\/i> Es gibt jedoch ein paar Erfahrungsberichte, die eine andere Sprache sprechen: So wurde unter anderem \u00fcber \u00dcbelkeit, Herzrasen, Schwindel sowie Durchfall geklagt &#8211; in einigen Berichten sind auch Schlafst\u00f6rungen erw\u00e4hnt worden.<\/div><\/div>\n<p>Nat\u00fcrlich kann an dieser Stelle nicht gesagt werden, dass es einen direkten Zusammenhang mit Keto Burn gibt. Jedoch sollte man <strong>etwaige Ver\u00e4nderungen, sofern diese in Kombination mit der Einnahme der Kapseln auftreten, nicht zur G\u00e4nze ignorieren<\/strong>.<\/p>\n<h2>Verzehrmenge und Dosierung<\/h2>\n<p>Von Seiten des Herstellers wird empfohlen, <strong>pro Tag drei Kapseln mit gen\u00fcgend Fl\u00fcssigkeit<\/strong> zu nehmen. Wichtig ist, dass die Einnahme immer vor den Mahlzeiten stattfindet. Des Weiteren empfiehlt der Hersteller auch die \u201eKeto Burn-freundlichen Snacks und Mahlzeiten\u201c. Das hei\u00dft, man sollte sich vorwiegend von fettreichen Speisen ern\u00e4hren; Eiwei\u00df sollte nur in Ma\u00dfen auf den Teller, auf Kohlenhydrate sollte man fast zur G\u00e4nze verzichten.<\/p>\n<h2>Der Test<\/h2>\n<p>Nat\u00fcrlich mag Keto Burn in der Theorie \u00fcberzeugen, doch wie sieht es in der Praxis aus, nachdem man die Kapseln 30 Tage lang geschluckt hat? Also insgesamt &#8211; so die Angabe des Herstellers &#8211; 90 Kapseln eingenommen hat?<\/p>\n<p><img loading=\"lazy\" decoding=\"async\" class=\"alignright size-full wp-image-62\" src=\"https:\/\/www.drjohn.org\/de\/wp-content\/uploads\/sites\/2\/2019\/11\/keto-2.jpg\" alt=\"\" width=\"640\" height=\"426\" \/><\/p>\n<p>Die Probandin, die sich f\u00fcr den Test zur Verf\u00fcgung gestellt hat, ging mit einem Ausgangsgewicht von 84 Kilogramm an den Start. Bezugnehmend auf die K\u00f6rpergr\u00f6\u00dfe hatte die Probandin somit ein \u00dcbergewicht von rund 12 Kilogramm.<\/p>\n<p><em>Der erste Tag<\/em><\/p>\n<p>Zu Beginn wurden die Rahmenbedingungen abgesteckt. Um nicht sagen zu k\u00f6nnen, man h\u00e4tte sich \u201efalsch\u201c ern\u00e4hrt, wurde ein Speiseplan erstellt. Dieser bestand haupts\u00e4chlich, wie von Seiten des Herstellers empfohlen, aus Fett (70 Prozent). Die restlichen 30 Prozent setzten sich aus 25 Prozent Eiwei\u00df sowie 5 Prozent Kohlenhydraten zusammen. Zudem wurden ab dem ersten Tag immer drei Kapseln &#8211; immer eine Kapsel vor der Mahlzeit &#8211; eingenommen.<\/p>\n<p><em>Der 15. Tag &#8211; die erste Bestandsaufnahme nach der Halbzeit<\/em><\/p>\n<p>Zum aktuellen Zeitpunkt wurden bereits 45 Kapseln geschluckt. Ein Blick auf die Waage hat aber verraten, dass bislang kein Gewicht abgenommen wurde. Und das, obwohl \u201eKeto Burn-freundliche Snacks wie Mahlzeiten\u201c konsumiert worden sind.<\/p>\n<p><em>Der 30. Tag &#8211; das ern\u00fcchternde Endergebnis<\/em><\/p>\n<p>Selbst nach einem Monat konnte kein Gewichtsverlust dokumentiert werden. Die Probandin klagte hingegen \u00fcber Schlafst\u00f6rungen &#8211; eine scheinbare Nebenwirkung, die auch in einigen Erfahrungsberichten, die im Internet zu finden sind, erw\u00e4hnt wurde.<\/p>\n<div class=\"su-note\"  style=\"border-color:#90b1e5;border-radius:3px;-moz-border-radius:3px;-webkit-border-radius:3px;\"><div class=\"su-note-inner su-u-clearfix su-u-trim\" style=\"background-color:#aacbff;border-color:#ffffff;color:#000000;border-radius:3px;-moz-border-radius:3px;-webkit-border-radius:3px;\"><i class=\"fa fa-info-circle\" aria-hidden=\"true\"><\/i> Keto Burn hat also nicht zum gew\u00fcnschten Erfolg gef\u00fchrt.<\/div><\/div>\n<h2>Warum man den positiven Erfahrungsberichten nicht das Vertrauen schenken sollte<\/h2>\n<p>Wer die Homepage des Herstellers aufruft, der wird mit unz\u00e4hligen Vorher-Nachher-Bildern konfrontiert. Man will hier also ganz klar zu verstehen geben, dass Keto Burn zum gew\u00fcnschten Erfolg f\u00fchrt. Jedoch sind die Bilder, die hier zu finden sind, auch auf anderen Internetseiten zu sehen, die nicht mit Keto Burn in Verbindung stehen. Man kann also davon ausgehen, dass es sich hier um ganz klare F\u00e4lschungen handelt.<\/p>\n<p>So auch, wenn man sich die positiven Erfahrungsberichte durchliest. Denn wenn \u201eRachael\u201c, \u201eJacqi\u201c und \u201eChris\u201c \u00fcber Facebook mitteilen, wie toll Keto Burn nicht ist, so mag es doch verwirrend sein, wenn dieselben Kommentare auch auf anderen Seiten zu finden sind &#8211; nat\u00fcrlich auch hier in Verbindung mit Di\u00e4tkapseln.<\/p>\n<p>Wer auf Plattformen unterwegs ist, die nicht in direktem Zusammenhang mit Keto Burn stehen, so r\u00fcckt ein komplett anderes Bild in den Vordergrund. Denn es gibt unz\u00e4hlige Berichte, die zu den Erfahrungen passen, die die Probandin im Test gesammelt hat &#8211; selbst nach Einhaltung der \u201eempfohlenen Mahlzeiten\u201c konnte am Ende kein Gewichtsverlust verbucht werden.<\/p>\n<h2>Wurde Keto Burn bei \u201eDie H\u00f6hle der L\u00f6wen\u201c vorgestellt?<\/h2>\n<p>Wer glaubt, dass man mit Vorher-Nachher-Fotos und gefakten Bewertungen schon das volle Potential ausgesch\u00f6pft hat, um Kunden zu gewinnen, so wird man erstaunt sein, wie weit die Hersteller gehen, um ihr &#8211; scheinbar &#8211; nicht wirkendes Produkt zu vertreiben. Denn die Hersteller werben etwa damit, dass Keto Burn bereits bei der VOX-Fernsehsendung \u201eDie H\u00f6hle der L\u00f6wen\u201c pr\u00e4sentiert wurde. Aber nicht nur das &#8211; die Jurymitglieder haben f\u00fcr das Produkt sogar 1 Million Euro geboten.<\/p>\n<p><strong>Fakt ist: Keto Burn wurde nie im Fernsehen pr\u00e4sentiert &#8211; die Jurymitglieder von \u201eDie H\u00f6hle der L\u00f6wen\u201c haben auch niemals in dieses Produkt investiert.<\/strong><\/p>\n<h2>Das Fazit<\/h2>\n<p>Nach einer sehr ausf\u00fchrlichen wie intensiven Recherche und einem f\u00fcr 30 Tage andauernden Test wurde klar, dass Keto Burn nicht h\u00e4lt, was von Seiten des Herstellers versprochen wird. <strong>Fakt ist: Keto Burn sorgt nicht f\u00fcr den gew\u00fcnschten Erfolg &#8211; der K\u00f6rper wird a) nicht in den Zustand der Ketose versetzt und b) kommt es zu keinem Gewichtsverlust.<\/strong><\/p>\n<p>An dieser Stelle kann mit ICG Fatburner jedoch auf eine durchaus interessante Alternative verwiesen werden. Hier kommt es zum effektiven Gewichtsverlust, da nicht nur das Hungergef\u00fchl unterdr\u00fcckt wird, sondern ICG Fatburner auch den Stoffwechsel ankurbelt. Pro Tag m\u00fcssen hier 2 Kapseln t\u00e4glich eingenommen werden. Es gibt keine Nebenwirkungen.<\/p>\n","protected":false},"excerpt":{"rendered":"<p>Viele Menschen tr\u00e4umen davon, endlich rank und schlank zu sein. Doch in vielen F\u00e4llen bleibt es leider nur ein Traum. Nat\u00fcrlich mag die falsche Ern\u00e4hrung der Hauptgrund sein, warum man&#8230; <a class=\"read-more-link\" href=\"https:\/\/www.drjohn.org\/de\/keto-burn-erfahrungen\/\">Read more &raquo;<\/a><\/p>\n","protected":false},"author":2,"featured_media":0,"parent":0,"menu_order":0,"comment_status":"closed","ping_status":"closed","template":"","meta":{"_acf_changed":false,"inline_featured_image":false,"_lmt_disableupdate":"yes","_lmt_disable":"","footnotes":""},"acf":[],"yoast_head":"<!-- This site is optimized with the Yoast SEO plugin v22.6 - https:\/\/yoast.com\/wordpress\/plugins\/seo\/ -->\n<title>Keto Burn Xtreme Test | \ud83e\udd47 Bestes Mittel oder BETRUG?<\/title>\n<meta name=\"description\" content=\"Wir haben Keto Burn getestet und die Erfahrungen zusammengetragen. Kann man mit den Tabletten wirklich abnehmen oder ist das Humbug?\" \/>\n<meta name=\"robots\" content=\"index, follow, max-snippet:-1, max-image-preview:large, max-video-preview:-1\" \/>\n<link rel=\"canonical\" href=\"https:\/\/www.drjohn.org\/de\/keto-burn-erfahrungen\/\" \/>\n<meta property=\"og:locale\" content=\"en_US\" \/>\n<meta property=\"og:type\" content=\"article\" \/>\n<meta property=\"og:title\" content=\"Keto Burn Xtreme Test | \ud83e\udd47 Bestes Mittel oder BETRUG?\" \/>\n<meta property=\"og:description\" content=\"Wir haben Keto Burn getestet und die Erfahrungen zusammengetragen. Kann man mit den Tabletten wirklich abnehmen oder ist das Humbug?\" \/>\n<meta property=\"og:url\" content=\"https:\/\/www.drjohn.org\/de\/keto-burn-erfahrungen\/\" \/>\n<meta property=\"og:site_name\" content=\"DE\" \/>\n<meta property=\"article:modified_time\" content=\"2019-12-03T08:19:17+00:00\" \/>\n<meta property=\"og:image\" content=\"https:\/\/www.drjohn.org\/de\/wp-content\/uploads\/sites\/2\/2019\/11\/keto-1-300x200.jpg\" \/>\n<meta name=\"twitter:card\" content=\"summary_large_image\" \/>\n<meta name=\"twitter:label1\" content=\"Est. reading time\" \/>\n\t<meta name=\"twitter:data1\" content=\"7 minutes\" \/>\n<script type=\"application\/ld+json\" class=\"yoast-schema-graph\">{\"@context\":\"https:\/\/schema.org\",\"@graph\":[{\"@type\":\"WebPage\",\"@id\":\"https:\/\/www.drjohn.org\/de\/keto-burn-erfahrungen\/\",\"url\":\"https:\/\/www.drjohn.org\/de\/keto-burn-erfahrungen\/\",\"name\":\"Keto Burn Xtreme Test | \ud83e\udd47 Bestes Mittel oder BETRUG?\",\"isPartOf\":{\"@id\":\"https:\/\/www.drjohn.org\/de\/#website\"},\"primaryImageOfPage\":{\"@id\":\"https:\/\/www.drjohn.org\/de\/keto-burn-erfahrungen\/#primaryimage\"},\"image\":{\"@id\":\"https:\/\/www.drjohn.org\/de\/keto-burn-erfahrungen\/#primaryimage\"},\"thumbnailUrl\":\"https:\/\/www.drjohn.org\/de\/wp-content\/uploads\/sites\/2\/2019\/11\/keto-1-300x200.jpg\",\"datePublished\":\"2019-11-29T14:12:47+00:00\",\"dateModified\":\"2019-12-03T08:19:17+00:00\",\"description\":\"Wir haben Keto Burn getestet und die Erfahrungen zusammengetragen. Kann man mit den Tabletten wirklich abnehmen oder ist das Humbug?\",\"breadcrumb\":{\"@id\":\"https:\/\/www.drjohn.org\/de\/keto-burn-erfahrungen\/#breadcrumb\"},\"inLanguage\":\"en-US\",\"potentialAction\":[{\"@type\":\"ReadAction\",\"target\":[\"https:\/\/www.drjohn.org\/de\/keto-burn-erfahrungen\/\"]}]},{\"@type\":\"ImageObject\",\"inLanguage\":\"en-US\",\"@id\":\"https:\/\/www.drjohn.org\/de\/keto-burn-erfahrungen\/#primaryimage\",\"url\":\"https:\/\/www.drjohn.org\/de\/wp-content\/uploads\/sites\/2\/2019\/11\/keto-1.jpg\",\"contentUrl\":\"https:\/\/www.drjohn.org\/de\/wp-content\/uploads\/sites\/2\/2019\/11\/keto-1.jpg\",\"width\":960,\"height\":640},{\"@type\":\"BreadcrumbList\",\"@id\":\"https:\/\/www.drjohn.org\/de\/keto-burn-erfahrungen\/#breadcrumb\",\"itemListElement\":[{\"@type\":\"ListItem\",\"position\":1,\"name\":\"Home\",\"item\":\"https:\/\/www.drjohn.org\/de\/\"},{\"@type\":\"ListItem\",\"position\":2,\"name\":\"Keto Burn Test und Erfahrungen\"}]},{\"@type\":\"WebSite\",\"@id\":\"https:\/\/www.drjohn.org\/de\/#website\",\"url\":\"https:\/\/www.drjohn.org\/de\/\",\"name\":\"DE\",\"description\":\"Just another  Sites site\",\"publisher\":{\"@id\":\"https:\/\/www.drjohn.org\/de\/#organization\"},\"potentialAction\":[{\"@type\":\"SearchAction\",\"target\":{\"@type\":\"EntryPoint\",\"urlTemplate\":\"https:\/\/www.drjohn.org\/de\/?s={search_term_string}\"},\"query-input\":\"required name=search_term_string\"}],\"inLanguage\":\"en-US\"},{\"@type\":\"Organization\",\"@id\":\"https:\/\/www.drjohn.org\/de\/#organization\",\"name\":\"DE\",\"url\":\"https:\/\/www.drjohn.org\/de\/\",\"logo\":{\"@type\":\"ImageObject\",\"inLanguage\":\"en-US\",\"@id\":\"https:\/\/www.drjohn.org\/de\/#\/schema\/logo\/image\/\",\"url\":\"https:\/\/www.drjohn.org\/de\/wp-content\/uploads\/sites\/2\/2019\/11\/cropped-cropped-cropped-logo6-1.png\",\"contentUrl\":\"https:\/\/www.drjohn.org\/de\/wp-content\/uploads\/sites\/2\/2019\/11\/cropped-cropped-cropped-logo6-1.png\",\"width\":327,\"height\":127,\"caption\":\"DE\"},\"image\":{\"@id\":\"https:\/\/www.drjohn.org\/de\/#\/schema\/logo\/image\/\"}}]}<\/script>\n<!-- \/ Yoast SEO plugin. -->","yoast_head_json":{"title":"Keto Burn Xtreme Test | \ud83e\udd47 Bestes Mittel oder BETRUG?","description":"Wir haben Keto Burn getestet und die Erfahrungen zusammengetragen. Kann man mit den Tabletten wirklich abnehmen oder ist das Humbug?","robots":{"index":"index","follow":"follow","max-snippet":"max-snippet:-1","max-image-preview":"max-image-preview:large","max-video-preview":"max-video-preview:-1"},"canonical":"https:\/\/www.drjohn.org\/de\/keto-burn-erfahrungen\/","og_locale":"en_US","og_type":"article","og_title":"Keto Burn Xtreme Test | \ud83e\udd47 Bestes Mittel oder BETRUG?","og_description":"Wir haben Keto Burn getestet und die Erfahrungen zusammengetragen. Kann man mit den Tabletten wirklich abnehmen oder ist das Humbug?","og_url":"https:\/\/www.drjohn.org\/de\/keto-burn-erfahrungen\/","og_site_name":"DE","article_modified_time":"2019-12-03T08:19:17+00:00","og_image":[{"url":"https:\/\/www.drjohn.org\/de\/wp-content\/uploads\/sites\/2\/2019\/11\/keto-1-300x200.jpg"}],"twitter_card":"summary_large_image","twitter_misc":{"Est. reading time":"7 minutes"},"schema":{"@context":"https:\/\/schema.org","@graph":[{"@type":"WebPage","@id":"https:\/\/www.drjohn.org\/de\/keto-burn-erfahrungen\/","url":"https:\/\/www.drjohn.org\/de\/keto-burn-erfahrungen\/","name":"Keto Burn Xtreme Test | \ud83e\udd47 Bestes Mittel oder BETRUG?","isPartOf":{"@id":"https:\/\/www.drjohn.org\/de\/#website"},"primaryImageOfPage":{"@id":"https:\/\/www.drjohn.org\/de\/keto-burn-erfahrungen\/#primaryimage"},"image":{"@id":"https:\/\/www.drjohn.org\/de\/keto-burn-erfahrungen\/#primaryimage"},"thumbnailUrl":"https:\/\/www.drjohn.org\/de\/wp-content\/uploads\/sites\/2\/2019\/11\/keto-1-300x200.jpg","datePublished":"2019-11-29T14:12:47+00:00","dateModified":"2019-12-03T08:19:17+00:00","description":"Wir haben Keto Burn getestet und die Erfahrungen zusammengetragen. Kann man mit den Tabletten wirklich abnehmen oder ist das Humbug?","breadcrumb":{"@id":"https:\/\/www.drjohn.org\/de\/keto-burn-erfahrungen\/#breadcrumb"},"inLanguage":"en-US","potentialAction":[{"@type":"ReadAction","target":["https:\/\/www.drjohn.org\/de\/keto-burn-erfahrungen\/"]}]},{"@type":"ImageObject","inLanguage":"en-US","@id":"https:\/\/www.drjohn.org\/de\/keto-burn-erfahrungen\/#primaryimage","url":"https:\/\/www.drjohn.org\/de\/wp-content\/uploads\/sites\/2\/2019\/11\/keto-1.jpg","contentUrl":"https:\/\/www.drjohn.org\/de\/wp-content\/uploads\/sites\/2\/2019\/11\/keto-1.jpg","width":960,"height":640},{"@type":"BreadcrumbList","@id":"https:\/\/www.drjohn.org\/de\/keto-burn-erfahrungen\/#breadcrumb","itemListElement":[{"@type":"ListItem","position":1,"name":"Home","item":"https:\/\/www.drjohn.org\/de\/"},{"@type":"ListItem","position":2,"name":"Keto Burn Test und Erfahrungen"}]},{"@type":"WebSite","@id":"https:\/\/www.drjohn.org\/de\/#website","url":"https:\/\/www.drjohn.org\/de\/","name":"DE","description":"Just another  Sites site","publisher":{"@id":"https:\/\/www.drjohn.org\/de\/#organization"},"potentialAction":[{"@type":"SearchAction","target":{"@type":"EntryPoint","urlTemplate":"https:\/\/www.drjohn.org\/de\/?s={search_term_string}"},"query-input":"required name=search_term_string"}],"inLanguage":"en-US"},{"@type":"Organization","@id":"https:\/\/www.drjohn.org\/de\/#organization","name":"DE","url":"https:\/\/www.drjohn.org\/de\/","logo":{"@type":"ImageObject","inLanguage":"en-US","@id":"https:\/\/www.drjohn.org\/de\/#\/schema\/logo\/image\/","url":"https:\/\/www.drjohn.org\/de\/wp-content\/uploads\/sites\/2\/2019\/11\/cropped-cropped-cropped-logo6-1.png","contentUrl":"https:\/\/www.drjohn.org\/de\/wp-content\/uploads\/sites\/2\/2019\/11\/cropped-cropped-cropped-logo6-1.png","width":327,"height":127,"caption":"DE"},"image":{"@id":"https:\/\/www.drjohn.org\/de\/#\/schema\/logo\/image\/"}}]}},"rttpg_featured_image_url":null,"rttpg_author":{"display_name":"Dr John","author_link":"https:\/\/www.drjohn.org\/de\/author\/adam\/"},"rttpg_comment":0,"rttpg_category":null,"rttpg_excerpt":"Viele Menschen tr\u00e4umen davon, endlich rank und schlank zu sein. Doch in vielen F\u00e4llen bleibt es leider nur ein Traum. Nat\u00fcrlich mag die falsche Ern\u00e4hrung der Hauptgrund sein, warum man... Read more &raquo;","_links":{"self":[{"href":"https:\/\/www.drjohn.org\/de\/wp-json\/wp\/v2\/pages\/37"}],"collection":[{"href":"https:\/\/www.drjohn.org\/de\/wp-json\/wp\/v2\/pages"}],"about":[{"href":"https:\/\/www.drjohn.org\/de\/wp-json\/wp\/v2\/types\/page"}],"author":[{"embeddable":true,"href":"https:\/\/www.drjohn.org\/de\/wp-json\/wp\/v2\/users\/2"}],"replies":[{"embeddable":true,"href":"https:\/\/www.drjohn.org\/de\/wp-json\/wp\/v2\/comments?post=37"}],"version-history":[{"count":5,"href":"https:\/\/www.drjohn.org\/de\/wp-json\/wp\/v2\/pages\/37\/revisions"}],"predecessor-version":[{"id":164,"href":"https:\/\/www.drjohn.org\/de\/wp-json\/wp\/v2\/pages\/37\/revisions\/164"}],"wp:attachment":[{"href":"https:\/\/www.drjohn.org\/de\/wp-json\/wp\/v2\/media?parent=37"}],"curies":[{"name":"wp","href":"https:\/\/api.w.org\/{rel}","templated":true}]}}