{"id":124,"date":"2020-01-06T13:49:31","date_gmt":"2020-01-06T13:49:31","guid":{"rendered":"https:\/\/www.drjohn.org\/de\/?page_id=124"},"modified":"2020-01-09T13:50:10","modified_gmt":"2020-01-09T13:50:10","slug":"faszienballe-was-sie-sind-was-sie-bringen-und-die-besten-balle-im-test","status":"publish","type":"page","link":"https:\/\/www.drjohn.org\/de\/faszienbaelle-infos-und-test\/","title":{"rendered":"Faszienb\u00e4lle: Was sie sind, was sie bringen und die besten B\u00e4lle im Test"},"content":{"rendered":"<p><strong>Beim Faszienball handelt es sich um einen Ball, der speziell f\u00fcr das Training der Faszien, also der Weichteile im Bindegewebe, welches den ganzen K\u00f6rper durchdringt, entwickelt wurde.<\/strong> Er stellt eine hervorragende Erg\u00e4nzung zur Faszienrolle, auch bekannt als Blackroll, dar. Denn mit dem Faszienball, lassen sich die schmerzenden Stellen punktgenau erreichen, ganz gleich, ob am Nacken oder an anderen Stellen des K\u00f6rpers.<\/p>\n<p><img loading=\"lazy\" decoding=\"async\" class=\"alignnone size-full wp-image-126\" src=\"https:\/\/www.drjohn.org\/de\/wp-content\/uploads\/sites\/2\/2020\/01\/faszien.jpg\" alt=\"\" width=\"1280\" height=\"853\" \/><\/p>\n<p>Hergestellt werden Faszienb\u00e4lle \u00fcblicherweise aus <strong>expandierf\u00e4higem Polypropylen, einem Material, welches eine leichte Elastizit\u00e4t besitzt, aber dennoch fest ist<\/strong>.<\/p>\n<p>Angeboten werden Faszienb\u00e4lle in verschiedenen H\u00e4rtegraden, sodass jeder K\u00e4ufer genau den Ball findet, den er auch braucht. Dar\u00fcber hinaus werden Faszienb\u00e4lle in verschiedenen Gr\u00f6\u00dfen angeboten, um verschiedene Partien des K\u00f6rpers damit zu trainieren.<\/p>\n<p>In aller Regel haben die B\u00e4lle einen <strong>Durchmesser zwischen sieben und zw\u00f6lf Zentimetern<\/strong>. Mit den kleineren B\u00e4llen trainieren die Betroffenen in aller Regel die F\u00fc\u00dfe, w\u00e4hrend sich die gr\u00f6\u00dferen B\u00e4lle bestens eignen, um R\u00fccken und Schultern zu trainieren.<\/p>\n<p>Der H\u00e4lrtegrad der B\u00e4lle l\u00e4sst sich meist anhand der jeweiligen Farbe erkennen. Wer unterschiedliche Partien seines K\u00f6rpers trainieren m\u00f6chte, ist also gut beraten, wenn er sich f\u00fcr ein Set entscheidet, <a href=\"https:\/\/amzn.to\/2uvVfal\" target=\"_blank\" rel=\"noopener nofollow noreferrer\">das verschiedene Faszienb\u00e4lle enth\u00e4lt &#8211; wie beispielsweise das von BODYMATE<\/a>.<\/p>\n<h2>Wof\u00fcr sind Faszienb\u00e4lle gut?<\/h2>\n<div class=\"su-note\"  style=\"border-color:#90b1e5;border-radius:3px;-moz-border-radius:3px;-webkit-border-radius:3px;\"><div class=\"su-note-inner su-u-clearfix su-u-trim\" style=\"background-color:#aacbff;border-color:#ffffff;color:#000000;border-radius:3px;-moz-border-radius:3px;-webkit-border-radius:3px;\"><i class=\"fa fa-info-circle\" aria-hidden=\"true\"><\/i> Faszienb\u00e4lle sind das ideale Hilfsmittel f\u00fcr die gezielte Selbstmassage. Denn sind die Faszien verklebt, lassen diese sich dadurch wieder l\u00f6sen, dass mit dem Ball dar\u00fcber gerollt wird. Die Massage \u00e4ndert die Struktur der Faszien und Verspannungen lockern sich.<\/div><\/div>\n<p>Nach der Massage k\u00f6nnen sich die Betroffenen wieder besser bewegen und nehmen bez\u00fcglich ihrer K\u00f6rperhaltung keine Schonhaltung mehr ein, die dem K\u00f6rper auf Dauer gesehen sogar schadet.<\/p>\n<p><strong>Durch einen hochwertigen Faszienball wird au\u00dferdem die Blutzirkulation unterst\u00fctzt.<\/strong> Von der Massage profitieren also nicht nur die Faszien, sondern auch das Gewebe und die Muskulatur. Und auch Stauungen im Bereich der Lymphen lassen sich durch die Massage beseitigen. Des weiteren helfen die handlichen Massageb\u00e4lle auch, wenn im Bereich der Arme und Beine oder im Nacken Verspannungen bestehen.<\/p>\n<h2>Die verschiedenen Arten von Faszienb\u00e4llen<\/h2>\n<p><img loading=\"lazy\" decoding=\"async\" class=\"alignnone size-full wp-image-127\" src=\"https:\/\/www.drjohn.org\/de\/wp-content\/uploads\/sites\/2\/2020\/01\/faszienb\u00e4lle.jpg\" alt=\"arten von faszienb\u00e4llen\" width=\"1500\" height=\"1312\" \/><\/p>\n<p>Bevorzugt werden Faszienb\u00e4lle aus expandierf\u00e4higem Polypropylen hergestellt, welches sehr elastisch oder dennoch fest ist. Der Vorteil dieses Materials besteht darin, dass sich die Verspannungen dadurch \u00e4u\u00dferst angenehm massieren lassen. Angeboten werden Faszienb\u00e4lle aber nicht nur in <strong>unterschiedlichen H\u00e4rtegraden, sondern auch mit einer glatten, rauen oder genoppten Oberfl\u00e4che.<\/strong><\/p>\n<p>Bei Faszienb\u00e4llen gilt \u00fcbrigens:<strong> Der gew\u00fcnschte Massageeffekt ist umso h\u00f6her, je h\u00e4rter die B\u00e4lle sind<\/strong>. Allerdings sind die harten B\u00e4lle f\u00fcr Betroffene, die gerade erst mit ihrem Training beginnen, oft unangenehm. Die h\u00e4rteren B\u00e4lle werden also eher von Fortgeschrittenen und von Sportlern verwendet.<\/p>\n<p><strong>Hinsichtlich der Gr\u00f6\u00dfe ist insbesondere entscheidend, an welchen K\u00f6rperpartien die \u00dcbungen durchgef\u00fchrt werden sollen<\/strong>. Aber auch die Belastung, welche ausge\u00fcbt werden soll, hat einen Einfluss darauf, f\u00fcr welche Gr\u00f6\u00dfe sich Interessenten entscheiden sollten.<\/p>\n<p>Dar\u00fcber hinaus gibt es auch einige spezielle Faszienb\u00e4lle wie beispielsweise den Duo Ball. Hierbei handelt es sich um zwei B\u00e4lle aus Schaumstoff, welche in der Mitte mit einem Verbindungsst\u00fcck verbunden sind. Diese werden gern f\u00fcr \u00dcbungen am R\u00fccken genutzt. Diese Duo B\u00e4lle haben den Vorteil, dass sie den Dornfortsatz der Wirbels\u00e4ule nicht belasten, die darum liegenden R\u00fcckenstreckmuskeln daf\u00fcr aber gezielter und mit einem gr\u00f6\u00dferen Druck bearbeitet werden k\u00f6nnen. Die Faszien im Bereich des R\u00fcckens werden damit gezielter, intensiver und effektiver behandelt.<\/p>\n<p>Ein weiterer Spezialball ist der Massageball mit seiner massierenden Oberfl\u00e4chenstruktur. <strong>Erh\u00e4ltlich sind Massageb\u00e4lle in Gr\u00f6\u00dfen mit acht und zw\u00f6lf Zentimetern Durchmesser.<\/strong> Der kleinere Massageball macht es m\u00f6glich, die Faszien in einer bestimmten Region des K\u00f6rpers punktuell und gezielt zu behandeln. Das gilt insbesondere, wenn die Fu\u00dfsohlen stimuliert und behandelt werden sollen.<\/p>\n<p>Der gr\u00f6\u00dfere Faszien-Massageball hingegen eignet sich bestens, wenn es darum geht, verspannte Partien am R\u00fccken und zwischen den Schulterbl\u00e4ttern zu bearbeiten.<\/p>\n<p>Daneben gibt es noch den <strong>Igelball<\/strong>, mit dem Faszien aufgelockert und massiert werden k\u00f6nnen. Bei diesem Ball sp\u00fcrt der Anwender ein angenehmes Prickeln auf der Haut. Der Grund daf\u00fcr liegt darin, dass der Igelball auch die Durchblutung des Gewebes anregt. Im Vergleich zu anderen Faszienb\u00e4llen ist der H\u00e4rtegrad des Igelballes aber geringer.<\/p>\n<p>Der sogenannte <strong>Trigger-Point-Bal<\/strong>l ist ein besonders schwerer und harter Ball, der dazu gedacht ist, gezielt sogenannte Trigger Punkte zu bearbeiten. Auf einen bestimmten Punkt wird also gezielt Druck ausge\u00fcbt, wodurch sich bestimmte Muskelgruppen aktivieren oder deaktivieren lassen. Verwendet werden diese B\u00e4lle bevorzugt, um Schmerzen vorzubeugen.<\/p>\n<h2>Welche Vorteile hat die Massage mit Faszienb\u00e4llen?<\/h2>\n<div class=\"su-note\"  style=\"border-color:#90b1e5;border-radius:3px;-moz-border-radius:3px;-webkit-border-radius:3px;\"><div class=\"su-note-inner su-u-clearfix su-u-trim\" style=\"background-color:#aacbff;border-color:#ffffff;color:#000000;border-radius:3px;-moz-border-radius:3px;-webkit-border-radius:3px;\"><i class=\"fa fa-info-circle\" aria-hidden=\"true\"><\/i> Der gro\u00dfe Vorteil einer Massage mit Faszienb\u00e4llen besteht darin, dass sich dadurch das K\u00f6rpergef\u00fchl verbessert und die Betroffenen ihre Mobilit\u00e4t wieder herstellen k\u00f6nnen, zudem f\u00fchlen sie sich fitter und beweglicher. Wird das Bindegewebe gest\u00e4rkt, ist derjenige auch nicht mehr so anf\u00e4llig f\u00fcr Verletzungen. Ein weiterer Pluspunkt besteht darin, dass sich die Spannungsschmerzen reduzieren.<\/div><\/div>\n<p><strong>Hilfreich ist das Faszientraining nicht nur f\u00fcr die Regeneration nach sportlicher Bet\u00e4tigung, sondern auch, um Muskelschmerzen vorzubeugen.<\/strong><\/p>\n<p>Zu den wichtigsten Anwendungen geh\u00f6rt die punktuelle Massage, bei welcher der Ball gezielt auf Verspannungen in der Muskulatur einwirkt. Hierf\u00fcr werden teils B\u00e4lle verwendet, welche an ihrer Oberfl\u00e4che Aussparungen haben, sodass sie sich besonders sicher festhalten lassen. <strong>Wird ein Ball mit Noppen verwendet, verst\u00e4rkt das den Massageeeffekt<\/strong>. Je nachdem, welchen H\u00e4rtegrad der Ball besitzt, kann er sogar mit dem vollen K\u00f6rpergewicht belastet werden, was sich bei \u00dcbungen, die auf dem Boden durchgef\u00fchrt werden, als besonders n\u00fctzlich erweist.<\/p>\n<p><img loading=\"lazy\" decoding=\"async\" class=\"alignnone size-full wp-image-128\" src=\"https:\/\/www.drjohn.org\/de\/wp-content\/uploads\/sites\/2\/2020\/01\/massage.jpg\" alt=\"\" width=\"960\" height=\"540\" \/><\/p>\n<p>Als ideale Hilfsmittel erweisen sich Faszienb\u00e4lle auch in der Physiotherapie, bei der Regeneration sowie im Fitnessbereich. Selbst im Vereins- und im Schulsport werden Faszienb\u00e4lle genutzt, f\u00fcr Leistungssportler sind diese Hilfsmittel sogar unverzichtbar geworden. Diese verwenden den Ball oft schon f\u00fcr das Aufw\u00e4rmen, meist jedoch erst nach dem Training.<\/p>\n<h2>Was sind Faszien?<\/h2>\n<div class=\"su-note\"  style=\"border-color:#90b1e5;border-radius:3px;-moz-border-radius:3px;-webkit-border-radius:3px;\"><div class=\"su-note-inner su-u-clearfix su-u-trim\" style=\"background-color:#aacbff;border-color:#ffffff;color:#000000;border-radius:3px;-moz-border-radius:3px;-webkit-border-radius:3px;\"><i class=\"fa fa-info-circle\" aria-hidden=\"true\"><\/i> Bei den Faszien handelt es sich um eine Art zweite Haut f\u00fcr Organe und Muskeln, welche sich \u00fcber den ganzen menschlichen K\u00f6rper erstreckt. Die Faszien sind \u00e4u\u00dferst elastisch und sorgen daf\u00fcr, dass sich die Muskelstr\u00e4nge sowie Organe miteinander und gegeneinander verschieben k\u00f6nnen.<\/div><\/div>\n<p>Sie haben also einerseits eine sch\u00fctzende Funktion, fungieren dar\u00fcber hinaus aber auch als eine Art Gleitgel.<\/p>\n<p>Im menschlichen K\u00f6rper gibt es allerdings <strong>drei verschiedene Arten von Faszien<\/strong>, die aber allesamt mit Hilfe eines Faszienballs trainiert werden k\u00f6nnen. Dabei handelt es sich um die oberfl\u00e4chlichen, die tiefen und die viszeralen Faszien. Je nachdem, an welcher Stelle des K\u00f6rpers sie sich befinden, werden sie auch unterschiedlich bezeichnet. Wichtig sind diese Unterscheidungen insbesondere, wenn es um die gezielte Faszienbehandlung geht. Denn die verschiedenen Faszien sprechen auch unterschiedlich auf den Druck, der auf sie ausge\u00fcbt wird, an.<\/p>\n<ul>\n<li>So befinden sich die <strong>oberfl\u00e4chlichen Faszien<\/strong> im Unterhautgewebe, weshalb sie sich auch mit verschiedenen Hautschichten verbinden. Die oberen Faszien befinden sich gr\u00f6\u00dftenteils am Brustbein sowie im oberen Nackenbereich. Diese Faszien setzen sich aus Fett- und Bindegewebe zusammen und umschlie\u00dfen Organe, Nervenbahnen und Dr\u00fcsen.<\/li>\n<li>Die<strong> tiefen Faszien<\/strong> zeichnen sich dadurch aus, dass sie sehr faserreich und dicht sind. Sie durchdringen und umschlie\u00dfen neben den Knochen auch Muskeln, Blutgef\u00e4\u00dfe und Nervenbahnen.<\/li>\n<li>Die <strong>viszeralen Faszien<\/strong> halten die Organe an Ort und Stelle. S\u00e4mtliche Organe des Menschen sind sogar mit einer doppelten Schicht dieser Faszien umgeben.<\/li>\n<li>Im Unterarm befinden sich die <strong>Faszien Antebrachil<\/strong>, welche sehr faserreich sind und die Faszien der Flexohrsehne verst\u00e4rken. Diese Faszien werden stark beansprucht, weil der Mensch viel mit seinen Unterarmen arbeitet. Deshalb stehen diese Faszien unter permanentem Druck und k\u00f6nnen leicht verh\u00e4rten.<\/li>\n<li>Des weiteren befinden sich im Bereich des Ellbogens <strong>feine Faszien<\/strong>, welche eine wichtige Bedeutung f\u00fcr die Armvenen haben. Dar\u00fcber hinaus gibt es die Faszien Brachii im Oberam, die den Bizeps und den Trizeps umgeben.<\/li>\n<\/ul>\n<h2>Eine Besonderheit: Die Halsfaszien<\/h2>\n<p><img loading=\"lazy\" decoding=\"async\" class=\"alignright size-medium wp-image-129\" src=\"https:\/\/www.drjohn.org\/de\/wp-content\/uploads\/sites\/2\/2020\/01\/halsfaszien-300x200.jpg\" alt=\"\" width=\"300\" height=\"200\" \/>Bei den Halsfaszien handelt es sich um etwas ganz Besonderes. Denn diese <strong>liegen in mehreren Lagen \u00fcbereinander und durchringen mehrere Schichten von Fasern und Haut<\/strong>. Insgesamt gibt es vier verschiedene Gruppen von Halsfaszien:<\/p>\n<ul>\n<li>Die Lamina superficilials befinden sich direkt an der Oberfl\u00e4che, grenzen an das Unterhautfettgewebe und verlaufen rund um den Hals.<\/li>\n<li>Die Laminia praetrachealis umgeben den Halsmuskel und stellen sogar eine Verbindung zum Schl\u00fcsselbein, zum Brustbein und zum Zungenbein dar.<\/li>\n<li>Bei den Lamina praevertebralis handelt es sich um tief sitzende Faszien, welche sich \u00fcber den gesamten Halsbereich erstrecken.<\/li>\n<li>Die Vatina carotica, welche die Nerven umgibt.<\/li>\n<\/ul>\n<h2>Was bewirkt das Training mit dem Faszienball?<\/h2>\n<div class=\"su-note\"  style=\"border-color:#90b1e5;border-radius:3px;-moz-border-radius:3px;-webkit-border-radius:3px;\"><div class=\"su-note-inner su-u-clearfix su-u-trim\" style=\"background-color:#aacbff;border-color:#ffffff;color:#000000;border-radius:3px;-moz-border-radius:3px;-webkit-border-radius:3px;\"><i class=\"fa fa-info-circle\" aria-hidden=\"true\"><\/i> Durch das Faszientraining werden bereits verklebte und verh\u00e4rtete Faszien gelockert und bekommen wieder mehr Elastizit\u00e4t. Bereits direkt nach der Behandlung k\u00f6nnen sich die Betroffenen in aller Regel wieder besser bewegen.<\/div><\/div>\n<p>Angewendet wird der Faszienball vor allem, wenn Muskelgruppen verspannt sind. Die Anwendung bietet sich aber auch an, um <strong>f\u00fcr eine gut durchblutete und straffe Haut zu sorgen<\/strong>.<\/p>\n<p>Es ist allerdings nicht damit getan, den Ball einfach \u00fcber jene Stelle hin und her zu bewegen, die verspannt ist. In aller Regel geben die Hersteller deshalb ihren Kunden auch Hinweise dar\u00fcber, wie sie den Faszienball richtig benutzen m\u00fcssen.<\/p>\n<p><strong>Eine wichtige Rolle f\u00fcr die richtige Anwendung spielt neben der korrekten K\u00f6rperhaltung auch die bewusste Atmung.<\/strong> Der Grund: W\u00e4hrend des Trainings soll der K\u00f6rper ausreichend mit Sauerstoff versorgt werden.<\/p>\n<div class=\"su-note\"  style=\"border-color:#90b1e5;border-radius:3px;-moz-border-radius:3px;-webkit-border-radius:3px;\"><div class=\"su-note-inner su-u-clearfix su-u-trim\" style=\"background-color:#aacbff;border-color:#ffffff;color:#000000;border-radius:3px;-moz-border-radius:3px;-webkit-border-radius:3px;\"><i class=\"fa fa-info-circle\" aria-hidden=\"true\"><\/i> Wichtig ist au\u00dferdem, dass nicht nur Stellen, die besonders schmerzhaft sind, zu massieren, sondern <strong>auch die Bereiche rund um diese Stelle<\/strong>.<\/div><\/div>\n<p>Denn in vielen F\u00e4llen sind die Schmerzen an einer bestimmten Stelle Folgeerscheinungen einer anderen Ursache. In diesem Fall sollte die Faszienmassage also an der schmerzenden Stelle beginnen, anschlie\u00dfend wird die Massage <strong>langsam und kreisf\u00f6rmig auf die umliegenden K\u00f6rperpartien<\/strong>.<\/p>\n<a href=\"https:\/\/amzn.to\/2QBLIqJ\" class=\"su-button su-button-style-default\" style=\"color:#FFFFFF;background-color:#777;border-color:#606060;border-radius:0px;-moz-border-radius:0px;-webkit-border-radius:0px\" target=\"_blank\" rel=\"nofollow\"><span style=\"color:#FFFFFF;padding:0px 24px;font-size:18px;line-height:36px;border-color:#a0a0a0;border-radius:0px;-moz-border-radius:0px;-webkit-border-radius:0px;text-shadow:none;-moz-text-shadow:none;-webkit-text-shadow:none\"> Jetzt die besten Faszienb\u00e4lle bei amazon ansehen<\/span><\/a>\n","protected":false},"excerpt":{"rendered":"<p>Beim Faszienball handelt es sich um einen Ball, der speziell f\u00fcr das Training der Faszien, also der Weichteile im Bindegewebe, welches den ganzen K\u00f6rper durchdringt, entwickelt wurde. Er stellt eine&#8230; <a class=\"read-more-link\" href=\"https:\/\/www.drjohn.org\/de\/faszienbaelle-infos-und-test\/\">Read more &raquo;<\/a><\/p>\n","protected":false},"author":2,"featured_media":0,"parent":0,"menu_order":0,"comment_status":"closed","ping_status":"closed","template":"","meta":{"_acf_changed":false,"inline_featured_image":false,"_lmt_disableupdate":"yes","_lmt_disable":"","footnotes":""},"acf":[],"yoast_head":"<!-- This site is optimized with the Yoast SEO plugin v22.6 - https:\/\/yoast.com\/wordpress\/plugins\/seo\/ -->\n<title>Faszienb\u00e4lle: Was sie sind, was sie bringen und die besten B\u00e4lle im Test - DE<\/title>\n<meta name=\"robots\" content=\"index, follow, max-snippet:-1, max-image-preview:large, max-video-preview:-1\" \/>\n<link rel=\"canonical\" href=\"https:\/\/www.drjohn.org\/de\/faszienbaelle-infos-und-test\/\" \/>\n<meta property=\"og:locale\" content=\"en_US\" \/>\n<meta property=\"og:type\" content=\"article\" \/>\n<meta property=\"og:title\" content=\"Faszienb\u00e4lle: Was sie sind, was sie bringen und die besten B\u00e4lle im Test - DE\" \/>\n<meta property=\"og:description\" content=\"Beim Faszienball handelt es sich um einen Ball, der speziell f\u00fcr das Training der Faszien, also der Weichteile im Bindegewebe, welches den ganzen K\u00f6rper durchdringt, entwickelt wurde. Er stellt eine... Read more &raquo;\" \/>\n<meta property=\"og:url\" content=\"https:\/\/www.drjohn.org\/de\/faszienbaelle-infos-und-test\/\" \/>\n<meta property=\"og:site_name\" content=\"DE\" \/>\n<meta property=\"article:modified_time\" content=\"2020-01-09T13:50:10+00:00\" \/>\n<meta property=\"og:image\" content=\"https:\/\/www.drjohn.org\/de\/wp-content\/uploads\/sites\/2\/2020\/01\/faszien.jpg\" \/>\n<meta name=\"twitter:card\" content=\"summary_large_image\" \/>\n<meta name=\"twitter:label1\" content=\"Est. reading time\" \/>\n\t<meta name=\"twitter:data1\" content=\"8 minutes\" \/>\n<script type=\"application\/ld+json\" class=\"yoast-schema-graph\">{\"@context\":\"https:\/\/schema.org\",\"@graph\":[{\"@type\":\"WebPage\",\"@id\":\"https:\/\/www.drjohn.org\/de\/faszienbaelle-infos-und-test\/\",\"url\":\"https:\/\/www.drjohn.org\/de\/faszienbaelle-infos-und-test\/\",\"name\":\"Faszienb\u00e4lle: Was sie sind, was sie bringen und die besten B\u00e4lle im Test - DE\",\"isPartOf\":{\"@id\":\"https:\/\/www.drjohn.org\/de\/#website\"},\"primaryImageOfPage\":{\"@id\":\"https:\/\/www.drjohn.org\/de\/faszienbaelle-infos-und-test\/#primaryimage\"},\"image\":{\"@id\":\"https:\/\/www.drjohn.org\/de\/faszienbaelle-infos-und-test\/#primaryimage\"},\"thumbnailUrl\":\"https:\/\/www.drjohn.org\/de\/wp-content\/uploads\/sites\/2\/2020\/01\/faszien.jpg\",\"datePublished\":\"2020-01-06T13:49:31+00:00\",\"dateModified\":\"2020-01-09T13:50:10+00:00\",\"breadcrumb\":{\"@id\":\"https:\/\/www.drjohn.org\/de\/faszienbaelle-infos-und-test\/#breadcrumb\"},\"inLanguage\":\"en-US\",\"potentialAction\":[{\"@type\":\"ReadAction\",\"target\":[\"https:\/\/www.drjohn.org\/de\/faszienbaelle-infos-und-test\/\"]}]},{\"@type\":\"ImageObject\",\"inLanguage\":\"en-US\",\"@id\":\"https:\/\/www.drjohn.org\/de\/faszienbaelle-infos-und-test\/#primaryimage\",\"url\":\"https:\/\/www.drjohn.org\/de\/wp-content\/uploads\/sites\/2\/2020\/01\/faszien.jpg\",\"contentUrl\":\"https:\/\/www.drjohn.org\/de\/wp-content\/uploads\/sites\/2\/2020\/01\/faszien.jpg\",\"width\":1280,\"height\":853},{\"@type\":\"BreadcrumbList\",\"@id\":\"https:\/\/www.drjohn.org\/de\/faszienbaelle-infos-und-test\/#breadcrumb\",\"itemListElement\":[{\"@type\":\"ListItem\",\"position\":1,\"name\":\"Home\",\"item\":\"https:\/\/www.drjohn.org\/de\/\"},{\"@type\":\"ListItem\",\"position\":2,\"name\":\"Faszienb\u00e4lle: Was sie sind, was sie bringen und die besten B\u00e4lle im Test\"}]},{\"@type\":\"WebSite\",\"@id\":\"https:\/\/www.drjohn.org\/de\/#website\",\"url\":\"https:\/\/www.drjohn.org\/de\/\",\"name\":\"DE\",\"description\":\"Just another  Sites site\",\"publisher\":{\"@id\":\"https:\/\/www.drjohn.org\/de\/#organization\"},\"potentialAction\":[{\"@type\":\"SearchAction\",\"target\":{\"@type\":\"EntryPoint\",\"urlTemplate\":\"https:\/\/www.drjohn.org\/de\/?s={search_term_string}\"},\"query-input\":\"required name=search_term_string\"}],\"inLanguage\":\"en-US\"},{\"@type\":\"Organization\",\"@id\":\"https:\/\/www.drjohn.org\/de\/#organization\",\"name\":\"DE\",\"url\":\"https:\/\/www.drjohn.org\/de\/\",\"logo\":{\"@type\":\"ImageObject\",\"inLanguage\":\"en-US\",\"@id\":\"https:\/\/www.drjohn.org\/de\/#\/schema\/logo\/image\/\",\"url\":\"https:\/\/www.drjohn.org\/de\/wp-content\/uploads\/sites\/2\/2019\/11\/cropped-cropped-cropped-logo6-1.png\",\"contentUrl\":\"https:\/\/www.drjohn.org\/de\/wp-content\/uploads\/sites\/2\/2019\/11\/cropped-cropped-cropped-logo6-1.png\",\"width\":327,\"height\":127,\"caption\":\"DE\"},\"image\":{\"@id\":\"https:\/\/www.drjohn.org\/de\/#\/schema\/logo\/image\/\"}}]}<\/script>\n<!-- \/ Yoast SEO plugin. -->","yoast_head_json":{"title":"Faszienb\u00e4lle: Was sie sind, was sie bringen und die besten B\u00e4lle im Test - DE","robots":{"index":"index","follow":"follow","max-snippet":"max-snippet:-1","max-image-preview":"max-image-preview:large","max-video-preview":"max-video-preview:-1"},"canonical":"https:\/\/www.drjohn.org\/de\/faszienbaelle-infos-und-test\/","og_locale":"en_US","og_type":"article","og_title":"Faszienb\u00e4lle: Was sie sind, was sie bringen und die besten B\u00e4lle im Test - DE","og_description":"Beim Faszienball handelt es sich um einen Ball, der speziell f\u00fcr das Training der Faszien, also der Weichteile im Bindegewebe, welches den ganzen K\u00f6rper durchdringt, entwickelt wurde. Er stellt eine... Read more &raquo;","og_url":"https:\/\/www.drjohn.org\/de\/faszienbaelle-infos-und-test\/","og_site_name":"DE","article_modified_time":"2020-01-09T13:50:10+00:00","og_image":[{"url":"https:\/\/www.drjohn.org\/de\/wp-content\/uploads\/sites\/2\/2020\/01\/faszien.jpg"}],"twitter_card":"summary_large_image","twitter_misc":{"Est. reading time":"8 minutes"},"schema":{"@context":"https:\/\/schema.org","@graph":[{"@type":"WebPage","@id":"https:\/\/www.drjohn.org\/de\/faszienbaelle-infos-und-test\/","url":"https:\/\/www.drjohn.org\/de\/faszienbaelle-infos-und-test\/","name":"Faszienb\u00e4lle: Was sie sind, was sie bringen und die besten B\u00e4lle im Test - DE","isPartOf":{"@id":"https:\/\/www.drjohn.org\/de\/#website"},"primaryImageOfPage":{"@id":"https:\/\/www.drjohn.org\/de\/faszienbaelle-infos-und-test\/#primaryimage"},"image":{"@id":"https:\/\/www.drjohn.org\/de\/faszienbaelle-infos-und-test\/#primaryimage"},"thumbnailUrl":"https:\/\/www.drjohn.org\/de\/wp-content\/uploads\/sites\/2\/2020\/01\/faszien.jpg","datePublished":"2020-01-06T13:49:31+00:00","dateModified":"2020-01-09T13:50:10+00:00","breadcrumb":{"@id":"https:\/\/www.drjohn.org\/de\/faszienbaelle-infos-und-test\/#breadcrumb"},"inLanguage":"en-US","potentialAction":[{"@type":"ReadAction","target":["https:\/\/www.drjohn.org\/de\/faszienbaelle-infos-und-test\/"]}]},{"@type":"ImageObject","inLanguage":"en-US","@id":"https:\/\/www.drjohn.org\/de\/faszienbaelle-infos-und-test\/#primaryimage","url":"https:\/\/www.drjohn.org\/de\/wp-content\/uploads\/sites\/2\/2020\/01\/faszien.jpg","contentUrl":"https:\/\/www.drjohn.org\/de\/wp-content\/uploads\/sites\/2\/2020\/01\/faszien.jpg","width":1280,"height":853},{"@type":"BreadcrumbList","@id":"https:\/\/www.drjohn.org\/de\/faszienbaelle-infos-und-test\/#breadcrumb","itemListElement":[{"@type":"ListItem","position":1,"name":"Home","item":"https:\/\/www.drjohn.org\/de\/"},{"@type":"ListItem","position":2,"name":"Faszienb\u00e4lle: Was sie sind, was sie bringen und die besten B\u00e4lle im Test"}]},{"@type":"WebSite","@id":"https:\/\/www.drjohn.org\/de\/#website","url":"https:\/\/www.drjohn.org\/de\/","name":"DE","description":"Just another  Sites site","publisher":{"@id":"https:\/\/www.drjohn.org\/de\/#organization"},"potentialAction":[{"@type":"SearchAction","target":{"@type":"EntryPoint","urlTemplate":"https:\/\/www.drjohn.org\/de\/?s={search_term_string}"},"query-input":"required name=search_term_string"}],"inLanguage":"en-US"},{"@type":"Organization","@id":"https:\/\/www.drjohn.org\/de\/#organization","name":"DE","url":"https:\/\/www.drjohn.org\/de\/","logo":{"@type":"ImageObject","inLanguage":"en-US","@id":"https:\/\/www.drjohn.org\/de\/#\/schema\/logo\/image\/","url":"https:\/\/www.drjohn.org\/de\/wp-content\/uploads\/sites\/2\/2019\/11\/cropped-cropped-cropped-logo6-1.png","contentUrl":"https:\/\/www.drjohn.org\/de\/wp-content\/uploads\/sites\/2\/2019\/11\/cropped-cropped-cropped-logo6-1.png","width":327,"height":127,"caption":"DE"},"image":{"@id":"https:\/\/www.drjohn.org\/de\/#\/schema\/logo\/image\/"}}]}},"rttpg_featured_image_url":null,"rttpg_author":{"display_name":"Dr John","author_link":"https:\/\/www.drjohn.org\/de\/author\/adam\/"},"rttpg_comment":0,"rttpg_category":null,"rttpg_excerpt":"Beim Faszienball handelt es sich um einen Ball, der speziell f\u00fcr das Training der Faszien, also der Weichteile im Bindegewebe, welches den ganzen K\u00f6rper durchdringt, entwickelt wurde. Er stellt eine... Read more &raquo;","_links":{"self":[{"href":"https:\/\/www.drjohn.org\/de\/wp-json\/wp\/v2\/pages\/124"}],"collection":[{"href":"https:\/\/www.drjohn.org\/de\/wp-json\/wp\/v2\/pages"}],"about":[{"href":"https:\/\/www.drjohn.org\/de\/wp-json\/wp\/v2\/types\/page"}],"author":[{"embeddable":true,"href":"https:\/\/www.drjohn.org\/de\/wp-json\/wp\/v2\/users\/2"}],"replies":[{"embeddable":true,"href":"https:\/\/www.drjohn.org\/de\/wp-json\/wp\/v2\/comments?post=124"}],"version-history":[{"count":4,"href":"https:\/\/www.drjohn.org\/de\/wp-json\/wp\/v2\/pages\/124\/revisions"}],"predecessor-version":[{"id":160,"href":"https:\/\/www.drjohn.org\/de\/wp-json\/wp\/v2\/pages\/124\/revisions\/160"}],"wp:attachment":[{"href":"https:\/\/www.drjohn.org\/de\/wp-json\/wp\/v2\/media?parent=124"}],"curies":[{"name":"wp","href":"https:\/\/api.w.org\/{rel}","templated":true}]}}