{"id":116,"date":"2020-01-07T12:55:46","date_gmt":"2020-01-07T12:55:46","guid":{"rendered":"https:\/\/www.drjohn.org\/de\/?page_id=116"},"modified":"2020-01-09T13:50:17","modified_gmt":"2020-01-09T13:50:17","slug":"refigura-im-test","status":"publish","type":"page","link":"https:\/\/www.drjohn.org\/de\/refigura-test\/","title":{"rendered":"Refigura im Test"},"content":{"rendered":"<p><img loading=\"lazy\" decoding=\"async\" class=\"alignright size-medium wp-image-64\" src=\"https:\/\/www.drjohn.org\/de\/wp-content\/uploads\/sites\/2\/2019\/11\/slim-1-300x200.jpg\" alt=\"abnehmen mit refigura\" width=\"300\" height=\"200\" \/>\u00dcber 50 Prozent aller Deutschen sollen \u00fcbergewichtig sein, wobei die Tendenz steigend ist. Dieses Problem m\u00f6chte das Unternehmen Heilpflanzenwohl GmbH mit seinem <strong>Pr\u00e4parat Refigura<\/strong> l\u00f6sen. Hierbei handelt es sich um ein Abnehmprodukt, welches in Form von <strong>Kapseln und Sticks<\/strong> erh\u00e4ltlich ist und dessen Einnahme oral erfolgt.<\/p>\n<h2>Was ist Refigura?<\/h2>\n<p>Bei Refigura handelt es sich keinesfalls um einen Fatburner im klassischen Sinn.<\/p>\n<div class=\"su-note\"  style=\"border-color:#90b1e5;border-radius:3px;-moz-border-radius:3px;-webkit-border-radius:3px;\"><div class=\"su-note-inner su-u-clearfix su-u-trim\" style=\"background-color:#aacbff;border-color:#ffffff;color:#000000;border-radius:3px;-moz-border-radius:3px;-webkit-border-radius:3px;\"><i class=\"fa fa-info-circle\" aria-hidden=\"true\"><\/i> Die Wirkungsweise dieses Pr\u00e4parates besteht vielmehr darin, die Aufnahme von Fetten und Kohlenhydraten im menschlichen K\u00f6rper zu reduzieren.<\/div><\/div>\n<p>Dar\u00fcber hinaus soll es au\u00dferdem aufkeimende Hungergef\u00fchle unterdr\u00fccken. Denn Die Inhaltsstoffe, aus welchen Refigura besteht, besitzen eine \u201eleicht quellende Eigenschaft\u201c, die zur Folge haben, <strong>dass das S\u00e4ttigungsgef\u00fchl bei den Mahlzeiten schneller eintritt, die Betroffenen also weniger essen<\/strong>.<\/p>\n<p>Laut Angaben des Herstellers soll das Pr\u00e4parat au\u00dferdem den Stoffwechsel ankurbeln, sodass die Fettverbrennung st\u00e4rker aktiviert ist, als es normalerweise der Fall ist.<\/p>\n<h2>Welche Inhaltsstoffe enth\u00e4lt Refigura?<\/h2>\n<p>Um die genaue Zusammensetzung und die exakten Inhaltsstoffe macht der Hersteller ein kleines Geheimnis. <strong>Diese umschreibt er mit Begriffen wie KioSlim-Komplex und KiOnutrime-CsG<\/strong>, die einem Verbraucher kaum etwas sagen werden.<\/p>\n<p>Jedoch legt das Unternehmen, wie der Name Pflanzenwohl schon sagt, gr\u00f6\u00dften Wert auf <strong>nat\u00fcrliche Inhaltsstoffe<\/strong>, was auch bei diesem Pr\u00e4parat der Fall ist. Das sind die Wirkstoffe im Einzelnen:<\/p>\n<h3>KiOnutrime-CsG und der KioSlim-Komplex<\/h3>\n<p>Beim KioSlim-Komplex handelt es sich um einen pflanzlichen Ballaststoffkomplex, der patentiert ist und im Labor gewonnen wird. Dieser Stoff ist <strong>abgeleitet vom Wirkstoff Chitin<\/strong>, bei dem es sich um ein Biopolymer handelt. Chitosan hatte C. Rouget erstmals anno 1859 gewonnen, indem er Chitin mit Kalilauge kochte.<\/p>\n<p><img loading=\"lazy\" decoding=\"async\" class=\"alignnone size-full wp-image-119\" src=\"https:\/\/www.drjohn.org\/de\/wp-content\/uploads\/sites\/2\/2020\/01\/refigura.jpg\" alt=\"\" width=\"1280\" height=\"855\" \/><\/p>\n<p>In Refigura wird Chitosan verwendet, weil es die Eigenschaft hat, <strong>Fett zu binden<\/strong>, was sich ebenfalls im Labor nachweisen l\u00e4sst. Hinsichtlich der Fettbindung erweist sich Chitosan dabei als \u00e4u\u00dferst effizient. Chitosan wird unter der Bezeichnung Lipidadsorbens au\u00dferdem in der Biochemie verwendet, um \u00d6le zu entsorgen. Weitere Einsatzgebiete sind Medizinprodukte sowie Nahrungserg\u00e4nzungsmittel.<\/p>\n<p>In Refigura wird Chitosan aus einem ganz einfachen Grund verwendet: <strong>Die gr\u00f6\u00dfte Fettbindungskapazit\u00e4t weist das Biopolymer L112 auf, mit welchem sich die 800fache Menge des Eigengewichtes an Fett binden l\u00e4sst<\/strong>. Dar\u00fcber hinaus konnte in Versuchen nachgewiesen werden, dass auch Zucker und Kohlenhydrate zu mehr als 40 Prozent fest gebunden werden k\u00f6nnen.<\/p>\n<a href=\"https:\/\/amzn.to\/39Vv5On\" class=\"su-button su-button-style-default\" style=\"color:#FFFFFF;background-color:#777;border-color:#606060;border-radius:0px;-moz-border-radius:0px;-webkit-border-radius:0px\" target=\"_blank\" rel=\"nofollow\"><span style=\"color:#FFFFFF;padding:0px 24px;font-size:18px;line-height:36px;border-color:#a0a0a0;border-radius:0px;-moz-border-radius:0px;-webkit-border-radius:0px;text-shadow:none;-moz-text-shadow:none;-webkit-text-shadow:none\"> Jetzt Refigura Kapseln bei amazon kaufen<\/span><\/a>\n<h3>Das kolloidale Siliciumdioxid<\/h3>\n<p>Dies ist kollodiale Kiesels\u00e4ure, die auch in der Erdkruste zu zw\u00f6lf Prozent in Formen wie Bergkristall, Quarz, Basalt, Feldspat Glimmer, Kieselgur, Amethyst und Olivin vorkommt. Siliciumoxid wird der Effekt nachgesagt, dass es die Sch\u00f6nheit der Haut erh\u00e4lt, den Alterungsprozess hemmt und die geistige und k\u00f6rperliche Leistungsf\u00e4higkeit steigert.<\/p>\n<div class=\"su-note\"  style=\"border-color:#90b1e5;border-radius:3px;-moz-border-radius:3px;-webkit-border-radius:3px;\"><div class=\"su-note-inner su-u-clearfix su-u-trim\" style=\"background-color:#aacbff;border-color:#ffffff;color:#000000;border-radius:3px;-moz-border-radius:3px;-webkit-border-radius:3px;\"><i class=\"fa fa-info-circle\" aria-hidden=\"true\"><\/i> Bei etwa 80 Prozent der Weltbev\u00f6lkerung soll ein nachweislicher Mangel an Silicium bestehen, weshalb Experten eine Dosis von 50 bis 100 Gramm empfehlen, \u00e4ltere Menschen sollen nach Expertenmeinung sogar bis zu 200 Gramm Silicium t\u00e4glich zu sich nehmen. <\/div><\/div>\n<p>Dieser Bedarf wird von heutigen Nahrungsmitteln aber nicht mehr gedeckt. Deshalb enth\u00e4lt Refigura Siliciumoxid, um Mangelerscheinungen beim Abnehmen zu vermeiden. <strong>Dieser Wirkstoff soll aber auch die Struktur des Bindegewebes st\u00e4rken und den Zellstoffwechsel aktivieren.<\/strong><\/p>\n<p>Dar\u00fcber hinaus sorgt der Wirkstoff im Pr\u00e4parat daf\u00fcr, dass die Blutgef\u00e4\u00dfe elastisch bleiben, weshalb er auch eine wundheilende Wirkung hat und vor Arteriosklerose sch\u00fctzt. Ferner st\u00e4rkt er das Immunsystem, unterst\u00fctzt den Aufbau von Knochen, versch\u00f6nert die Haut und <strong>f\u00f6rdert eine k\u00f6rperliche und geistige Leistungssteigerung.<\/strong><\/p>\n<h3>Sucralose<\/h3>\n<p>Der Begriff Sucralose bezeichnet den Wirkstoff E 955, also einen S\u00fc\u00dfstoff, dessen S\u00fc\u00dfe 600mal st\u00e4rker ist als die von Kristallzucker. Bei Sucralose handelt es sich allerdings <strong>um einen \u201ekalorienfreien\u201c S\u00fc\u00dfstoff.<\/strong><\/p>\n<h3>Maltodextrin<\/h3>\n<p>Maltrodextrin ist ein Gemisch aus Kohlenhydraten, welches wasserl\u00f6slich ist. Hergestellt wird es durch die Hydrolyse von St\u00e4rke. Maltrodextrin zeichnet sich dadurch aus, dass es einen hohen glyk\u00e4mischen Index hat, aber nur wenig Wasser an sich bindet. Weil dieser Wirkstoff geschmacksneutral ist, wird er als Konservierungsmittel, Stabilisator sowie als F\u00fcllstoff verwendet.<\/p>\n<h2>Die Verpackung von Refigura<\/h2>\n<p><img loading=\"lazy\" decoding=\"async\" class=\"alignright size-medium wp-image-120\" src=\"https:\/\/www.drjohn.org\/de\/wp-content\/uploads\/sites\/2\/2020\/01\/refigura-kapseln-300x209.jpg\" alt=\"\" width=\"300\" height=\"209\" \/>Verpackt werden sowohl die Kapseln als auch die Sticks in einer stylischen Verpackung in gr\u00fcn-wei\u00dfem Farbton. Die Sticks lassen sich \u00e4u\u00dferst einfach anwenden, denn der Stick muss lediglich aufgerissen und das darin enthaltene Pulver in einem Glas Wasser aufgel\u00f6st werden. Auf der Verpackung sind au\u00dferdem Hinweise zur Einnahme, zur Zusammensetzung und zu eventuellen Nebenwirkungen angebracht.<\/p>\n<h2>Die Einnahme, die L\u00f6slichkeit und der Geschmack<\/h2>\n<div class=\"su-note\"  style=\"border-color:#90b1e5;border-radius:3px;-moz-border-radius:3px;-webkit-border-radius:3px;\"><div class=\"su-note-inner su-u-clearfix su-u-trim\" style=\"background-color:#aacbff;border-color:#ffffff;color:#000000;border-radius:3px;-moz-border-radius:3px;-webkit-border-radius:3px;\"><i class=\"fa fa-info-circle\" aria-hidden=\"true\"><\/i> Nach Empfehlung des Herstellers sollen die Verbraucher bei der Anwendung dreimal t\u00e4glich einen Stick etwa 15 Minuten vor jeder Mahlzeit in ein bis zwei gro\u00dfen Gl\u00e4sern Wasser aufl\u00f6sen und dann einnehmen. Getrunken werden sollte das Wasser direkt, nachdem sich das Pulver aufgel\u00f6st hat. <\/div><\/div>\n<p>Der Grund: Ansonsten tritt bereits nach wenigen Minuten eine Verdickung ein, welche zum Trinken nicht unbedingt angenehm ist.<\/p>\n<p><strong>Im Grunde genommen schmeckt Refigura nach nichts. Geschmacklich l\u00e4sst sich wegen des im Pr\u00e4parat enthaltenen Maltodextrins lediglich eine leichte S\u00fc\u00dfe feststellen.<\/strong> Wer mit der Einnahme der Sticks Probleme hat, kann sich alternativ nat\u00fcrlich auch f\u00fcr die Kapseln entscheiden. Diese sind bei der Einnahme \u00e4u\u00dferst unproblematisch und enthalten zudem die selben Wirkstoffe.<\/p>\n<h2>Wie wirkt Refigura?<\/h2>\n<p><img loading=\"lazy\" decoding=\"async\" class=\"alignright size-medium wp-image-121\" src=\"https:\/\/www.drjohn.org\/de\/wp-content\/uploads\/sites\/2\/2020\/01\/abnehmen-300x109.jpg\" alt=\"\" width=\"300\" height=\"109\" \/>Anwender, die Refigura ausprobiert haben, berichten, dass sie bereits nach dem Trinken der L\u00f6sung keinerlei Hungergef\u00fchl mehr versp\u00fcrten. Der Grund daf\u00fcr liegt darin, dass sich das Pulver binnen weniger Minuten verdickt und den Magen f\u00fcllt. Damit wird das Ziel des Herstellers,<strong> ein geringeres Hungergef\u00fchl zu versp\u00fcren<\/strong> erf\u00fcllt. Denn wenn jemand abnehmen m\u00f6chte, gelingt das in erster Linie durch ein Kaloriendefizit.<\/p>\n<h2>Als Pulver oder direkt?<\/h2>\n<p>So mancher Verbraucher stellt sich die Frage, ob er besser zu den Sticks mit Refigura-Pulver oder zu Kapseln greifen sollte. Das l\u00e4sst sich allerdings ganz einfach beantworten: Wer ein Problem damit hat, das aufgel\u00f6ste Pulver zu trinken, sollte besser zu den Kapseln greifen, weil die Inhaltsstoffe beider Produkte identisch sind.<\/p>\n<p><strong>Die Kapseln haben jedoch den Vorteil, dass sie sich ganz einfach schlucken lassen.<\/strong> Aber auch wer sich f\u00fcr Kapseln entscheidet, sollte bedenken, dass er viel trinken muss. Denn Refigura hat sehr starke Quelleigenschaften. Hinzu kommt, dass es den Appetit verringert, wenn die Betroffenen viel trinken.<\/p>\n<h2>Das Fazit zu Refigura<\/h2>\n<p><strong>Auch wenn eine anf\u00e4ngliche Skepsis durchaus angebracht ist, bringt dieses Pr\u00e4parat tats\u00e4chlich den gew\u00fcnschten Abnehm-Erfolg<\/strong>. Denn das Hungergef\u00fchl l\u00e4sst sich mit Refigura definitiv unterdr\u00fccken, was auch das Ziel des Herstellers ist. Positiv kommt hinzu, dass Refigura auch die Aufnahme von Fetten und Kohlenhydraten reduzieren soll, sodass die Aufnahme von Kalorien zus\u00e4tzlich reduziert wird. Das Pr\u00e4parat eignet sich also hervorragend, um einige \u00fcberfl\u00fcssige Pfunde loszuwerden. Wer sein neues Gewicht langfristig behalten m\u00f6chte, muss nat\u00fcrlich auch daran denken, seine Ern\u00e4hrung insgesamt umzustellen.<\/p>\n<a href=\"https:\/\/amzn.to\/39Vv5On\" class=\"su-button su-button-style-default\" style=\"color:#FFFFFF;background-color:#777;border-color:#606060;border-radius:0px;-moz-border-radius:0px;-webkit-border-radius:0px\" target=\"_blank\" rel=\"nofollow\"><span style=\"color:#FFFFFF;padding:0px 24px;font-size:18px;line-height:36px;border-color:#a0a0a0;border-radius:0px;-moz-border-radius:0px;-webkit-border-radius:0px;text-shadow:none;-moz-text-shadow:none;-webkit-text-shadow:none\"> Jetzt Refigura Kapseln bei amazon kaufen<\/span><\/a>\n<h2>H\u00e4ufig gestellte Fragen zu Refigura<\/h2>\n[spoiler title=&#8221;Wie hoch sind die Kosten f\u00fcr das Pr\u00e4parat in der Apotheke?&#8221; open=&#8221;no&#8221; style=&#8221;default&#8221; icon=&#8221;plus&#8221;]\n<h3>Wie hoch sind die Kosten f\u00fcr das Pr\u00e4parat in der Apotheke?<\/h3>\n<p>Registriert ist Refigura mit der Pharmazentralnummer, weshalb es in Apotheken verkauft werden darf. Anders als viele Nahrungserg\u00e4nzungsmittel besitzt Refigura sogar eine Zulassung als Medizinprodukt. In der Apotheke kosten 160 Kapseln aktuell 88 Euro. Der gleiche Preis gilt f\u00fcr 90 Sticks. In Online-Shops sind beide Produkte allerdings ein wenig g\u00fcnstiger erh\u00e4ltlich.<\/p>\n<a href=\"https:\/\/amzn.to\/39Vv5On\" class=\"su-button su-button-style-default\" style=\"color:#FFFFFF;background-color:#777;border-color:#606060;border-radius:0px;-moz-border-radius:0px;-webkit-border-radius:0px\" target=\"_blank\" rel=\"nofollow\"><span style=\"color:#FFFFFF;padding:0px 24px;font-size:18px;line-height:36px;border-color:#a0a0a0;border-radius:0px;-moz-border-radius:0px;-webkit-border-radius:0px;text-shadow:none;-moz-text-shadow:none;-webkit-text-shadow:none\"> Jetzt Refigura Kapseln bei amazon kaufen<\/span><\/a>\n[\/spoiler]\n[spoiler title=&#8221;Was bewirkt Refigura genau?&#8221; open=&#8221;no&#8221; style=&#8221;default&#8221; icon=&#8221;plus&#8221;]\n<h3>Was bewirkt Refigura genau?<\/h3>\n<p>Das Wirkungsprinzip ist schnell erkl\u00e4rt: Jeder Mensch unterliegt seinem Blutzuckerspiegel. Denn Hei\u00dfhungerattacken und die damit verbundenen Fressattacken sind einzig und allein der Tatsache zu verdanken, dass der Blutzuckerspiegel zu niedrig ist. Nimmt jemand nun Refigura ein, speichert der K\u00f6rper weniger Kalorien aus der Nahrung, ohne dass er auf eine regelm\u00e4\u00dfige Energiezufuhr verzichten muss und der Blutzuckerspiegel auf einem konstanten Niveau bleibt.[\/spoiler]\n[spoiler title=&#8221;Wer darf Refigura nicht einnehmen&#8221; open=&#8221;no&#8221; style=&#8221;default&#8221; icon=&#8221;plus&#8221;]\n<h3>F\u00fcr wen ist Refigura tabu?<\/h3>\n<p>Menschen, die unter einer chronischen Krankheit wie Diabetes leiden, sollten auf die Einnahme von Refigura verzichten. M\u00f6chten sie das Pr\u00e4parat trotzdem versuchen, sollten sie das nur in Absprache mit ihrem Arzt machen.[\/spoiler]\n[spoiler title=&#8221;Hat Refigura Nebenwirkungen?&#8221; open=&#8221;no&#8221; style=&#8221;default&#8221; icon=&#8221;plus&#8221;]\n<h3>Hat Refigura Nebenwirkungen?<\/h3>\n<p>Die Nebenwirkungen von Refigura halten sich in einem \u00fcberschaubaren Rahmen. Die meisten Anwender berichten von einer abf\u00fchrenden Wirkung, weitere m\u00f6gliche Nebenwirkungen sind Magenschmerzen, ein Reizmagen, Bl\u00e4hungen und \u00dcbelkeit.[\/spoiler]\n","protected":false},"excerpt":{"rendered":"<p>\u00dcber 50 Prozent aller Deutschen sollen \u00fcbergewichtig sein, wobei die Tendenz steigend ist. Dieses Problem m\u00f6chte das Unternehmen Heilpflanzenwohl GmbH mit seinem Pr\u00e4parat Refigura l\u00f6sen. Hierbei handelt es sich um&#8230; <a class=\"read-more-link\" href=\"https:\/\/www.drjohn.org\/de\/refigura-test\/\">Read more &raquo;<\/a><\/p>\n","protected":false},"author":2,"featured_media":0,"parent":0,"menu_order":0,"comment_status":"closed","ping_status":"closed","template":"","meta":{"_acf_changed":false,"inline_featured_image":false,"_lmt_disableupdate":"yes","_lmt_disable":"","footnotes":""},"acf":[],"yoast_head":"<!-- This site is optimized with the Yoast SEO plugin v22.6 - https:\/\/yoast.com\/wordpress\/plugins\/seo\/ -->\n<title>Refigura im Test: Taugt das Pr\u00e4perat um in 30 Tagen abzunehmen?<\/title>\n<meta name=\"description\" content=\"Refigura wirbt damit, dass eine Gewichtsabnahmen innerhalb von 30 Tage problemlos m\u00f6glich ist. Wir haben die Kapseln getestet und zeigen, ob das stimmt.\" \/>\n<meta name=\"robots\" content=\"index, follow, max-snippet:-1, max-image-preview:large, max-video-preview:-1\" \/>\n<link rel=\"canonical\" href=\"https:\/\/www.drjohn.org\/de\/refigura-test\/\" \/>\n<meta property=\"og:locale\" content=\"en_US\" \/>\n<meta property=\"og:type\" content=\"article\" \/>\n<meta property=\"og:title\" content=\"Refigura im Test: Taugt das Pr\u00e4perat um in 30 Tagen abzunehmen?\" \/>\n<meta property=\"og:description\" content=\"Refigura wirbt damit, dass eine Gewichtsabnahmen innerhalb von 30 Tage problemlos m\u00f6glich ist. Wir haben die Kapseln getestet und zeigen, ob das stimmt.\" \/>\n<meta property=\"og:url\" content=\"https:\/\/www.drjohn.org\/de\/refigura-test\/\" \/>\n<meta property=\"og:site_name\" content=\"DE\" \/>\n<meta property=\"article:modified_time\" content=\"2020-01-09T13:50:17+00:00\" \/>\n<meta property=\"og:image\" content=\"https:\/\/www.drjohn.org\/de\/wp-content\/uploads\/sites\/2\/2019\/11\/slim-1-300x200.jpg\" \/>\n<meta name=\"twitter:card\" content=\"summary_large_image\" \/>\n<meta name=\"twitter:label1\" content=\"Est. reading time\" \/>\n\t<meta name=\"twitter:data1\" content=\"7 minutes\" \/>\n<script type=\"application\/ld+json\" class=\"yoast-schema-graph\">{\"@context\":\"https:\/\/schema.org\",\"@graph\":[{\"@type\":\"WebPage\",\"@id\":\"https:\/\/www.drjohn.org\/de\/refigura-test\/\",\"url\":\"https:\/\/www.drjohn.org\/de\/refigura-test\/\",\"name\":\"Refigura im Test: Taugt das Pr\u00e4perat um in 30 Tagen abzunehmen?\",\"isPartOf\":{\"@id\":\"https:\/\/www.drjohn.org\/de\/#website\"},\"primaryImageOfPage\":{\"@id\":\"https:\/\/www.drjohn.org\/de\/refigura-test\/#primaryimage\"},\"image\":{\"@id\":\"https:\/\/www.drjohn.org\/de\/refigura-test\/#primaryimage\"},\"thumbnailUrl\":\"https:\/\/www.drjohn.org\/de\/wp-content\/uploads\/sites\/2\/2019\/11\/slim-1-300x200.jpg\",\"datePublished\":\"2020-01-07T12:55:46+00:00\",\"dateModified\":\"2020-01-09T13:50:17+00:00\",\"description\":\"Refigura wirbt damit, dass eine Gewichtsabnahmen innerhalb von 30 Tage problemlos m\u00f6glich ist. Wir haben die Kapseln getestet und zeigen, ob das stimmt.\",\"breadcrumb\":{\"@id\":\"https:\/\/www.drjohn.org\/de\/refigura-test\/#breadcrumb\"},\"inLanguage\":\"en-US\",\"potentialAction\":[{\"@type\":\"ReadAction\",\"target\":[\"https:\/\/www.drjohn.org\/de\/refigura-test\/\"]}]},{\"@type\":\"ImageObject\",\"inLanguage\":\"en-US\",\"@id\":\"https:\/\/www.drjohn.org\/de\/refigura-test\/#primaryimage\",\"url\":\"https:\/\/www.drjohn.org\/de\/wp-content\/uploads\/sites\/2\/2019\/11\/slim-1.jpg\",\"contentUrl\":\"https:\/\/www.drjohn.org\/de\/wp-content\/uploads\/sites\/2\/2019\/11\/slim-1.jpg\",\"width\":640,\"height\":426,\"caption\":\"abnehmen mit refigura\"},{\"@type\":\"BreadcrumbList\",\"@id\":\"https:\/\/www.drjohn.org\/de\/refigura-test\/#breadcrumb\",\"itemListElement\":[{\"@type\":\"ListItem\",\"position\":1,\"name\":\"Home\",\"item\":\"https:\/\/www.drjohn.org\/de\/\"},{\"@type\":\"ListItem\",\"position\":2,\"name\":\"Refigura im Test\"}]},{\"@type\":\"WebSite\",\"@id\":\"https:\/\/www.drjohn.org\/de\/#website\",\"url\":\"https:\/\/www.drjohn.org\/de\/\",\"name\":\"DE\",\"description\":\"Just another  Sites site\",\"publisher\":{\"@id\":\"https:\/\/www.drjohn.org\/de\/#organization\"},\"potentialAction\":[{\"@type\":\"SearchAction\",\"target\":{\"@type\":\"EntryPoint\",\"urlTemplate\":\"https:\/\/www.drjohn.org\/de\/?s={search_term_string}\"},\"query-input\":\"required name=search_term_string\"}],\"inLanguage\":\"en-US\"},{\"@type\":\"Organization\",\"@id\":\"https:\/\/www.drjohn.org\/de\/#organization\",\"name\":\"DE\",\"url\":\"https:\/\/www.drjohn.org\/de\/\",\"logo\":{\"@type\":\"ImageObject\",\"inLanguage\":\"en-US\",\"@id\":\"https:\/\/www.drjohn.org\/de\/#\/schema\/logo\/image\/\",\"url\":\"https:\/\/www.drjohn.org\/de\/wp-content\/uploads\/sites\/2\/2019\/11\/cropped-cropped-cropped-logo6-1.png\",\"contentUrl\":\"https:\/\/www.drjohn.org\/de\/wp-content\/uploads\/sites\/2\/2019\/11\/cropped-cropped-cropped-logo6-1.png\",\"width\":327,\"height\":127,\"caption\":\"DE\"},\"image\":{\"@id\":\"https:\/\/www.drjohn.org\/de\/#\/schema\/logo\/image\/\"}}]}<\/script>\n<!-- \/ Yoast SEO plugin. -->","yoast_head_json":{"title":"Refigura im Test: Taugt das Pr\u00e4perat um in 30 Tagen abzunehmen?","description":"Refigura wirbt damit, dass eine Gewichtsabnahmen innerhalb von 30 Tage problemlos m\u00f6glich ist. Wir haben die Kapseln getestet und zeigen, ob das stimmt.","robots":{"index":"index","follow":"follow","max-snippet":"max-snippet:-1","max-image-preview":"max-image-preview:large","max-video-preview":"max-video-preview:-1"},"canonical":"https:\/\/www.drjohn.org\/de\/refigura-test\/","og_locale":"en_US","og_type":"article","og_title":"Refigura im Test: Taugt das Pr\u00e4perat um in 30 Tagen abzunehmen?","og_description":"Refigura wirbt damit, dass eine Gewichtsabnahmen innerhalb von 30 Tage problemlos m\u00f6glich ist. Wir haben die Kapseln getestet und zeigen, ob das stimmt.","og_url":"https:\/\/www.drjohn.org\/de\/refigura-test\/","og_site_name":"DE","article_modified_time":"2020-01-09T13:50:17+00:00","og_image":[{"url":"https:\/\/www.drjohn.org\/de\/wp-content\/uploads\/sites\/2\/2019\/11\/slim-1-300x200.jpg"}],"twitter_card":"summary_large_image","twitter_misc":{"Est. reading time":"7 minutes"},"schema":{"@context":"https:\/\/schema.org","@graph":[{"@type":"WebPage","@id":"https:\/\/www.drjohn.org\/de\/refigura-test\/","url":"https:\/\/www.drjohn.org\/de\/refigura-test\/","name":"Refigura im Test: Taugt das Pr\u00e4perat um in 30 Tagen abzunehmen?","isPartOf":{"@id":"https:\/\/www.drjohn.org\/de\/#website"},"primaryImageOfPage":{"@id":"https:\/\/www.drjohn.org\/de\/refigura-test\/#primaryimage"},"image":{"@id":"https:\/\/www.drjohn.org\/de\/refigura-test\/#primaryimage"},"thumbnailUrl":"https:\/\/www.drjohn.org\/de\/wp-content\/uploads\/sites\/2\/2019\/11\/slim-1-300x200.jpg","datePublished":"2020-01-07T12:55:46+00:00","dateModified":"2020-01-09T13:50:17+00:00","description":"Refigura wirbt damit, dass eine Gewichtsabnahmen innerhalb von 30 Tage problemlos m\u00f6glich ist. Wir haben die Kapseln getestet und zeigen, ob das stimmt.","breadcrumb":{"@id":"https:\/\/www.drjohn.org\/de\/refigura-test\/#breadcrumb"},"inLanguage":"en-US","potentialAction":[{"@type":"ReadAction","target":["https:\/\/www.drjohn.org\/de\/refigura-test\/"]}]},{"@type":"ImageObject","inLanguage":"en-US","@id":"https:\/\/www.drjohn.org\/de\/refigura-test\/#primaryimage","url":"https:\/\/www.drjohn.org\/de\/wp-content\/uploads\/sites\/2\/2019\/11\/slim-1.jpg","contentUrl":"https:\/\/www.drjohn.org\/de\/wp-content\/uploads\/sites\/2\/2019\/11\/slim-1.jpg","width":640,"height":426,"caption":"abnehmen mit refigura"},{"@type":"BreadcrumbList","@id":"https:\/\/www.drjohn.org\/de\/refigura-test\/#breadcrumb","itemListElement":[{"@type":"ListItem","position":1,"name":"Home","item":"https:\/\/www.drjohn.org\/de\/"},{"@type":"ListItem","position":2,"name":"Refigura im Test"}]},{"@type":"WebSite","@id":"https:\/\/www.drjohn.org\/de\/#website","url":"https:\/\/www.drjohn.org\/de\/","name":"DE","description":"Just another  Sites site","publisher":{"@id":"https:\/\/www.drjohn.org\/de\/#organization"},"potentialAction":[{"@type":"SearchAction","target":{"@type":"EntryPoint","urlTemplate":"https:\/\/www.drjohn.org\/de\/?s={search_term_string}"},"query-input":"required name=search_term_string"}],"inLanguage":"en-US"},{"@type":"Organization","@id":"https:\/\/www.drjohn.org\/de\/#organization","name":"DE","url":"https:\/\/www.drjohn.org\/de\/","logo":{"@type":"ImageObject","inLanguage":"en-US","@id":"https:\/\/www.drjohn.org\/de\/#\/schema\/logo\/image\/","url":"https:\/\/www.drjohn.org\/de\/wp-content\/uploads\/sites\/2\/2019\/11\/cropped-cropped-cropped-logo6-1.png","contentUrl":"https:\/\/www.drjohn.org\/de\/wp-content\/uploads\/sites\/2\/2019\/11\/cropped-cropped-cropped-logo6-1.png","width":327,"height":127,"caption":"DE"},"image":{"@id":"https:\/\/www.drjohn.org\/de\/#\/schema\/logo\/image\/"}}]}},"rttpg_featured_image_url":null,"rttpg_author":{"display_name":"Dr John","author_link":"https:\/\/www.drjohn.org\/de\/author\/adam\/"},"rttpg_comment":0,"rttpg_category":null,"rttpg_excerpt":"\u00dcber 50 Prozent aller Deutschen sollen \u00fcbergewichtig sein, wobei die Tendenz steigend ist. Dieses Problem m\u00f6chte das Unternehmen Heilpflanzenwohl GmbH mit seinem Pr\u00e4parat Refigura l\u00f6sen. Hierbei handelt es sich um... Read more &raquo;","_links":{"self":[{"href":"https:\/\/www.drjohn.org\/de\/wp-json\/wp\/v2\/pages\/116"}],"collection":[{"href":"https:\/\/www.drjohn.org\/de\/wp-json\/wp\/v2\/pages"}],"about":[{"href":"https:\/\/www.drjohn.org\/de\/wp-json\/wp\/v2\/types\/page"}],"author":[{"embeddable":true,"href":"https:\/\/www.drjohn.org\/de\/wp-json\/wp\/v2\/users\/2"}],"replies":[{"embeddable":true,"href":"https:\/\/www.drjohn.org\/de\/wp-json\/wp\/v2\/comments?post=116"}],"version-history":[{"count":6,"href":"https:\/\/www.drjohn.org\/de\/wp-json\/wp\/v2\/pages\/116\/revisions"}],"predecessor-version":[{"id":159,"href":"https:\/\/www.drjohn.org\/de\/wp-json\/wp\/v2\/pages\/116\/revisions\/159"}],"wp:attachment":[{"href":"https:\/\/www.drjohn.org\/de\/wp-json\/wp\/v2\/media?parent=116"}],"curies":[{"name":"wp","href":"https:\/\/api.w.org\/{rel}","templated":true}]}}